{"id":112,"date":"2020-02-24T12:30:59","date_gmt":"2020-02-24T12:30:59","guid":{"rendered":"https:\/\/demosites.io\/wedding-gb\/?page_id=112"},"modified":"2023-09-27T20:08:43","modified_gmt":"2023-09-27T18:08:43","slug":"8d92b-contact","status":"publish","type":"page","link":"https:\/\/psychequi.com\/index.php\/8d92b-contact\/","title":{"rendered":"Contact"},"content":{"rendered":"\t\t<div data-elementor-type=\"wp-page\" data-elementor-id=\"112\" class=\"elementor elementor-112\">\n\t\t\t\t\t\t<section class=\"elementor-section elementor-top-section elementor-element elementor-element-979f6eb elementor-section-height-min-height elementor-section-boxed elementor-section-height-default elementor-section-items-middle\" data-id=\"979f6eb\" data-element_type=\"section\" data-e-type=\"section\">\n\t\t\t\t\t\t<div class=\"elementor-container elementor-column-gap-default\">\n\t\t\t\t\t<div class=\"elementor-column elementor-col-33 elementor-top-column elementor-element elementor-element-30dc7c7\" data-id=\"30dc7c7\" data-element_type=\"column\" data-e-type=\"column\">\n\t\t\t<div class=\"elementor-widget-wrap elementor-element-populated\">\n\t\t\t\t\t\t<div class=\"elementor-element elementor-element-744ff5b elementor-widget elementor-widget-text-editor\" data-id=\"744ff5b\" data-element_type=\"widget\" data-e-type=\"widget\" data-widget_type=\"text-editor.default\">\n\t\t\t\t<div class=\"elementor-widget-container\">\n\t\t\t\t\t\t\t\t\t<p style=\"text-align: center;\">Pour toute demande de renseignements, je vous invite \u00e0 me contacter :<\/p>\t\t\t\t\t\t\t\t<\/div>\n\t\t\t\t<\/div>\n\t\t\t\t<div class=\"elementor-element elementor-element-403a995 elementor-view-default elementor-widget elementor-widget-icon\" data-id=\"403a995\" data-element_type=\"widget\" data-e-type=\"widget\" data-widget_type=\"icon.default\">\n\t\t\t\t<div class=\"elementor-widget-container\">\n\t\t\t\t\t\t\t<div class=\"elementor-icon-wrapper\">\n\t\t\t<div class=\"elementor-icon\">\n\t\t\t<i aria-hidden=\"true\" class=\"fas fa-phone-alt\"><\/i>\t\t\t<\/div>\n\t\t<\/div>\n\t\t\t\t\t\t<\/div>\n\t\t\t\t<\/div>\n\t\t\t\t<div class=\"elementor-element elementor-element-d25500b elementor-widget elementor-widget-text-editor\" data-id=\"d25500b\" data-element_type=\"widget\" data-e-type=\"widget\" data-widget_type=\"text-editor.default\">\n\t\t\t\t<div class=\"elementor-widget-container\">\n\t\t\t\t\t\t\t\t\t<p style=\"text-align: center;\">06.04.40.38.43<\/p>\t\t\t\t\t\t\t\t<\/div>\n\t\t\t\t<\/div>\n\t\t\t\t<div class=\"elementor-element elementor-element-79e1db9 elementor-view-default elementor-widget elementor-widget-icon\" data-id=\"79e1db9\" data-element_type=\"widget\" data-e-type=\"widget\" data-widget_type=\"icon.default\">\n\t\t\t\t<div class=\"elementor-widget-container\">\n\t\t\t\t\t\t\t<div class=\"elementor-icon-wrapper\">\n\t\t\t<div class=\"elementor-icon\">\n\t\t\t<i aria-hidden=\"true\" class=\"fas fa-at\"><\/i>\t\t\t<\/div>\n\t\t<\/div>\n\t\t\t\t\t\t<\/div>\n\t\t\t\t<\/div>\n\t\t\t\t<div class=\"elementor-element elementor-element-c4caf1b elementor-widget elementor-widget-text-editor\" data-id=\"c4caf1b\" data-element_type=\"widget\" data-e-type=\"widget\" data-widget_type=\"text-editor.default\">\n\t\t\t\t<div class=\"elementor-widget-container\">\n\t\t\t\t\t\t\t\t\t<p style=\"text-align: center;\">contact@psychequi.com<\/p>\t\t\t\t\t\t\t\t<\/div>\n\t\t\t\t<\/div>\n\t\t\t\t<div class=\"elementor-element elementor-element-6da332a elementor-view-default elementor-widget elementor-widget-icon\" data-id=\"6da332a\" data-element_type=\"widget\" data-e-type=\"widget\" data-widget_type=\"icon.default\">\n\t\t\t\t<div class=\"elementor-widget-container\">\n\t\t\t\t\t\t\t<div class=\"elementor-icon-wrapper\">\n\t\t\t<div class=\"elementor-icon\">\n\t\t\t<i aria-hidden=\"true\" class=\"fas fa-map-marker-alt\"><\/i>\t\t\t<\/div>\n\t\t<\/div>\n\t\t\t\t\t\t<\/div>\n\t\t\t\t<\/div>\n\t\t\t\t<div class=\"elementor-element elementor-element-4bf3a2b elementor-widget elementor-widget-text-editor\" data-id=\"4bf3a2b\" data-element_type=\"widget\" data-e-type=\"widget\" data-widget_type=\"text-editor.default\">\n\t\t\t\t<div class=\"elementor-widget-container\">\n\t\t\t\t\t\t\t\t\t<p style=\"text-align: center;\">A proximit\u00e9 du 44 chemin du four \u00e0 pain,&nbsp;<span style=\"color: var( --e-global-color-text ); font-family: var( --e-global-typography-text-font-family ), Sans-serif; font-weight: var( --e-global-typography-text-font-weight ); background-color: var(--nv-site-bg); font-size: var(--bodyfontsize); letter-spacing: var(--bodyletterspacing); text-transform: var(--bodytexttransform);\">69870, Claveisolles<\/span><\/p>\n<p style=\"text-align: center;\"><em>Coordonn\u00e9es GPS : 46.1112062,4.4854893<\/em><\/p>\t\t\t\t\t\t\t\t<\/div>\n\t\t\t\t<\/div>\n\t\t\t\t<div class=\"elementor-element elementor-element-982196e elementor-widget elementor-widget-google_maps\" data-id=\"982196e\" data-element_type=\"widget\" data-e-type=\"widget\" data-widget_type=\"google_maps.default\">\n\t\t\t\t<div class=\"elementor-widget-container\">\n\t\t\t\t\t\t\t<div class=\"elementor-custom-embed\">\n\t\t\t<iframe loading=\"lazy\"\n\t\t\t\t\tsrc=\"https:\/\/maps.google.com\/maps?q=La%20neyret&#038;t=m&#038;z=10&#038;output=embed&#038;iwloc=near\"\n\t\t\t\t\ttitle=\"La neyret\"\n\t\t\t\t\taria-label=\"La neyret\"\n\t\t\t><\/iframe>\n\t\t<\/div>\n\t\t\t\t\t\t<\/div>\n\t\t\t\t<\/div>\n\t\t\t\t\t<\/div>\n\t\t<\/div>\n\t\t\t\t<div class=\"elementor-column elementor-col-66 elementor-top-column elementor-element elementor-element-9e00d88\" data-id=\"9e00d88\" data-element_type=\"column\" data-e-type=\"column\">\n\t\t\t<div class=\"elementor-widget-wrap elementor-element-populated\">\n\t\t\t\t\t\t<div class=\"elementor-element elementor-element-6999d79 elementor-widget elementor-widget-wpforms\" data-id=\"6999d79\" data-element_type=\"widget\" data-e-type=\"widget\" data-widget_type=\"wpforms.default\">\n\t\t\t\t<div class=\"elementor-widget-container\">\n\t\t\t\t\t<div class=\"wpforms-container wpforms-container-full wpforms-render-modern\" id=\"wpforms-634\"><form id=\"wpforms-form-634\" class=\"wpforms-validate wpforms-form wpforms-ajax-form\" data-formid=\"634\" method=\"post\" enctype=\"multipart\/form-data\" action=\"\/index.php\/wp-json\/wp\/v2\/pages\/112\" data-token=\"87ba0baf0e2965f26c10e3e02ac54ce3\" data-token-time=\"1776379474\"><div class=\"wpforms-head-container\"><div class=\"wpforms-title\">Contact<\/div><\/div><noscript class=\"wpforms-error-noscript\">Veuillez activer JavaScript dans votre navigateur pour remplir ce formulaire.<\/noscript><div id=\"wpforms-error-noscript\" style=\"display: none;\">Veuillez activer JavaScript dans votre navigateur pour remplir ce formulaire.<\/div><div class=\"wpforms-field-container\"><div id=\"wpforms-634-field_0-container\" class=\"wpforms-field wpforms-field-name\" data-field-id=\"0\"><fieldset><legend class=\"wpforms-field-label\">Nom <span class=\"wpforms-required-label\" aria-hidden=\"true\">*<\/span><\/legend><div class=\"wpforms-field-row wpforms-field-medium\"><div class=\"wpforms-field-row-block wpforms-first wpforms-one-half\"><input type=\"text\" id=\"wpforms-634-field_0\" class=\"wpforms-field-name-first wpforms-field-required\" name=\"wpforms[fields][0][first]\" aria-errormessage=\"wpforms-634-field_0-error\" required><label for=\"wpforms-634-field_0\" class=\"wpforms-field-sublabel after\">Pr\u00e9nom<\/label><\/div><div class=\"wpforms-field-row-block wpforms-one-half\"><input type=\"text\" id=\"wpforms-634-field_0-last\" class=\"wpforms-field-name-last wpforms-field-required\" name=\"wpforms[fields][0][last]\" aria-errormessage=\"wpforms-634-field_0-last-error\" required><label for=\"wpforms-634-field_0-last\" class=\"wpforms-field-sublabel after\">Nom<\/label><\/div><\/div><\/fieldset><\/div><div id=\"wpforms-634-field_1-container\" class=\"wpforms-field wpforms-field-email\" data-field-id=\"1\"><label class=\"wpforms-field-label\" for=\"wpforms-634-field_1\">E-mail <span class=\"wpforms-required-label\" aria-hidden=\"true\">*<\/span><\/label><input type=\"email\" id=\"wpforms-634-field_1\" class=\"wpforms-field-medium wpforms-field-required\" name=\"wpforms[fields][1]\" spellcheck=\"false\" aria-errormessage=\"wpforms-634-field_1-error\" required><\/div><div id=\"wpforms-634-field_3-container\" class=\"wpforms-field wpforms-field-text\" data-field-id=\"3\"><label class=\"wpforms-field-label\" for=\"wpforms-634-field_3\">T\u00e9l\u00e9phone<\/label><input type=\"text\" id=\"wpforms-634-field_3\" class=\"wpforms-field-medium\" name=\"wpforms[fields][3]\" aria-errormessage=\"wpforms-634-field_3-error\" ><\/div><div id=\"wpforms-634-field_2-container\" class=\"wpforms-field wpforms-field-textarea\" data-field-id=\"2\"><label class=\"wpforms-field-label\" for=\"wpforms-634-field_2\">Commentaire ou message<\/label><textarea id=\"wpforms-634-field_2\" class=\"wpforms-field-medium\" name=\"wpforms[fields][2]\" aria-errormessage=\"wpforms-634-field_2-error\" ><\/textarea><\/div><\/div><!-- .wpforms-field-container --><div class=\"wpforms-submit-container\" ><input type=\"hidden\" name=\"wpforms[id]\" value=\"634\"><input type=\"hidden\" name=\"page_title\" value=\"\"><input type=\"hidden\" name=\"page_url\" value=\"https:\/\/psychequi.com\/index.php\/wp-json\/wp\/v2\/pages\/112\"><input type=\"hidden\" name=\"url_referer\" value=\"\"><button type=\"submit\" name=\"wpforms[submit]\" id=\"wpforms-submit-634\" class=\"wpforms-submit\" data-alt-text=\"Envoi...\" data-submit-text=\"Envoyer\" aria-live=\"assertive\" value=\"wpforms-submit\">Envoyer<\/button><img decoding=\"async\" src=\"https:\/\/psychequi.com\/wp-content\/plugins\/wpforms-lite\/assets\/images\/submit-spin.svg\" class=\"wpforms-submit-spinner\" style=\"display: none;\" width=\"26\" height=\"26\" alt=\"Chargement en cours\"><\/div><\/form><\/div>  <!-- .wpforms-container -->\t\t\t\t<\/div>\n\t\t\t\t<\/div>\n\t\t\t\t\t<\/div>\n\t\t<\/div>\n\t\t\t\t\t<\/div>\n\t\t<\/section>\n\t\t\t\t<\/div>\n\t\t","protected":false},"excerpt":{"rendered":"<p>Pour toute demande de renseignements, je vous invite \u00e0 me contacter : 06.04.40.38.43 contact@psychequi.com A proximit\u00e9 du 44 chemin du four \u00e0 pain,&nbsp;69870, Claveisolles Coordonn\u00e9es GPS : 46.1112062,4.4854893 ContactVeuillez activer JavaScript dans votre navigateur pour remplir ce formulaire.Veuillez activer JavaScript dans votre navigateur pour remplir ce formulaire. Nom * Pr\u00e9nomNom E-mail *T\u00e9l\u00e9phoneCommentaire ou message Envoyer<\/p>\n","protected":false},"author":1,"featured_media":0,"parent":0,"menu_order":0,"comment_status":"closed","ping_status":"closed","template":"page-templates\/template-pagebuilder-full-width.php","meta":{"neve_meta_sidebar":"full-width","neve_meta_container":"","neve_meta_enable_content_width":"on","neve_meta_content_width":100,"neve_meta_title_alignment":"","neve_meta_author_avatar":"","neve_post_elements_order":"","neve_meta_disable_header":"","neve_meta_disable_footer":"","neve_meta_disable_title":"","_themeisle_gutenberg_block_has_review":false,"footnotes":""},"class_list":["post-112","page","type-page","status-publish","hentry"],"yoast_head":"<!-- This site is optimized with the Yoast SEO plugin v27.4 - https:\/\/yoast.com\/product\/yoast-seo-wordpress\/ -->\n<title>Contact - Psych\u00e9qui<\/title>\n<meta name=\"robots\" content=\"index, follow, max-snippet:-1, max-image-preview:large, max-video-preview:-1\" \/>\n<link rel=\"canonical\" href=\"https:\/\/psychequi.com\/index.php\/8d92b-contact\/\" \/>\n<meta property=\"og:locale\" content=\"fr_FR\" \/>\n<meta property=\"og:type\" content=\"article\" \/>\n<meta property=\"og:title\" content=\"Contact - Psych\u00e9qui\" \/>\n<meta property=\"og:description\" content=\"Pour toute demande de renseignements, je vous invite \u00e0 me contacter : 06.04.40.38.43 contact@psychequi.com A proximit\u00e9 du 44 chemin du four \u00e0 pain,&nbsp;69870, Claveisolles Coordonn\u00e9es GPS : 46.1112062,4.4854893 ContactVeuillez activer JavaScript dans votre navigateur pour remplir ce formulaire.Veuillez activer JavaScript dans votre navigateur pour remplir ce formulaire. Nom * Pr\u00e9nomNom E-mail *T\u00e9l\u00e9phoneCommentaire ou message Envoyer\" \/>\n<meta property=\"og:url\" content=\"https:\/\/psychequi.com\/index.php\/8d92b-contact\/\" \/>\n<meta property=\"og:site_name\" content=\"Psych\u00e9qui\" \/>\n<meta property=\"article:modified_time\" content=\"2023-09-27T18:08:43+00:00\" \/>\n<meta property=\"og:image\" content=\"http:\/\/psychequi.com\/wp-content\/plugins\/wpforms-lite\/assets\/images\/submit-spin.svg\" \/>\n<meta name=\"twitter:card\" content=\"summary_large_image\" \/>\n<meta name=\"twitter:label1\" content=\"Dur\u00e9e de lecture estim\u00e9e\" \/>\n\t<meta name=\"twitter:data1\" content=\"1 minute\" \/>\n<script type=\"application\/ld+json\" class=\"yoast-schema-graph\">{\"@context\":\"https:\\\/\\\/schema.org\",\"@graph\":[{\"@type\":\"WebPage\",\"@id\":\"https:\\\/\\\/psychequi.com\\\/index.php\\\/8d92b-contact\\\/\",\"url\":\"https:\\\/\\\/psychequi.com\\\/index.php\\\/8d92b-contact\\\/\",\"name\":\"Contact - Psych\u00e9qui\",\"isPartOf\":{\"@id\":\"https:\\\/\\\/psychequi.com\\\/#website\"},\"primaryImageOfPage\":{\"@id\":\"https:\\\/\\\/psychequi.com\\\/index.php\\\/8d92b-contact\\\/#primaryimage\"},\"image\":{\"@id\":\"https:\\\/\\\/psychequi.com\\\/index.php\\\/8d92b-contact\\\/#primaryimage\"},\"thumbnailUrl\":\"http:\\\/\\\/psychequi.com\\\/wp-content\\\/plugins\\\/wpforms-lite\\\/assets\\\/images\\\/submit-spin.svg\",\"datePublished\":\"2020-02-24T12:30:59+00:00\",\"dateModified\":\"2023-09-27T18:08:43+00:00\",\"breadcrumb\":{\"@id\":\"https:\\\/\\\/psychequi.com\\\/index.php\\\/8d92b-contact\\\/#breadcrumb\"},\"inLanguage\":\"fr-FR\",\"potentialAction\":[{\"@type\":\"ReadAction\",\"target\":[\"https:\\\/\\\/psychequi.com\\\/index.php\\\/8d92b-contact\\\/\"]}]},{\"@type\":\"ImageObject\",\"inLanguage\":\"fr-FR\",\"@id\":\"https:\\\/\\\/psychequi.com\\\/index.php\\\/8d92b-contact\\\/#primaryimage\",\"url\":\"http:\\\/\\\/psychequi.com\\\/wp-content\\\/plugins\\\/wpforms-lite\\\/assets\\\/images\\\/submit-spin.svg\",\"contentUrl\":\"http:\\\/\\\/psychequi.com\\\/wp-content\\\/plugins\\\/wpforms-lite\\\/assets\\\/images\\\/submit-spin.svg\"},{\"@type\":\"BreadcrumbList\",\"@id\":\"https:\\\/\\\/psychequi.com\\\/index.php\\\/8d92b-contact\\\/#breadcrumb\",\"itemListElement\":[{\"@type\":\"ListItem\",\"position\":1,\"name\":\"Accueil\",\"item\":\"https:\\\/\\\/psychequi.com\\\/\"},{\"@type\":\"ListItem\",\"position\":2,\"name\":\"Contact\"}]},{\"@type\":\"WebSite\",\"@id\":\"https:\\\/\\\/psychequi.com\\\/#website\",\"url\":\"https:\\\/\\\/psychequi.com\\\/\",\"name\":\"Psych\u00e9qui\",\"description\":\"Equith\u00e9rapie\",\"publisher\":{\"@id\":\"https:\\\/\\\/psychequi.com\\\/#organization\"},\"potentialAction\":[{\"@type\":\"SearchAction\",\"target\":{\"@type\":\"EntryPoint\",\"urlTemplate\":\"https:\\\/\\\/psychequi.com\\\/?s={search_term_string}\"},\"query-input\":{\"@type\":\"PropertyValueSpecification\",\"valueRequired\":true,\"valueName\":\"search_term_string\"}}],\"inLanguage\":\"fr-FR\"},{\"@type\":\"Organization\",\"@id\":\"https:\\\/\\\/psychequi.com\\\/#organization\",\"name\":\"Psych\u00e9qui\",\"url\":\"https:\\\/\\\/psychequi.com\\\/\",\"logo\":{\"@type\":\"ImageObject\",\"inLanguage\":\"fr-FR\",\"@id\":\"https:\\\/\\\/psychequi.com\\\/#\\\/schema\\\/logo\\\/image\\\/\",\"url\":\"https:\\\/\\\/psychequi.com\\\/wp-content\\\/uploads\\\/2023\\\/04\\\/Mon-projet.png\",\"contentUrl\":\"https:\\\/\\\/psychequi.com\\\/wp-content\\\/uploads\\\/2023\\\/04\\\/Mon-projet.png\",\"width\":1640,\"height\":1640,\"caption\":\"Psych\u00e9qui\"},\"image\":{\"@id\":\"https:\\\/\\\/psychequi.com\\\/#\\\/schema\\\/logo\\\/image\\\/\"}}]}<\/script>\n<!-- \/ Yoast SEO plugin. -->","yoast_head_json":{"title":"Contact - Psych\u00e9qui","robots":{"index":"index","follow":"follow","max-snippet":"max-snippet:-1","max-image-preview":"max-image-preview:large","max-video-preview":"max-video-preview:-1"},"canonical":"https:\/\/psychequi.com\/index.php\/8d92b-contact\/","og_locale":"fr_FR","og_type":"article","og_title":"Contact - Psych\u00e9qui","og_description":"Pour toute demande de renseignements, je vous invite \u00e0 me contacter : 06.04.40.38.43 contact@psychequi.com A proximit\u00e9 du 44 chemin du four \u00e0 pain,&nbsp;69870, Claveisolles Coordonn\u00e9es GPS : 46.1112062,4.4854893 ContactVeuillez activer JavaScript dans votre navigateur pour remplir ce formulaire.Veuillez activer JavaScript dans votre navigateur pour remplir ce formulaire. Nom * Pr\u00e9nomNom E-mail *T\u00e9l\u00e9phoneCommentaire ou message Envoyer","og_url":"https:\/\/psychequi.com\/index.php\/8d92b-contact\/","og_site_name":"Psych\u00e9qui","article_modified_time":"2023-09-27T18:08:43+00:00","og_image":[{"url":"http:\/\/psychequi.com\/wp-content\/plugins\/wpforms-lite\/assets\/images\/submit-spin.svg","type":"","width":"","height":""}],"twitter_card":"summary_large_image","twitter_misc":{"Dur\u00e9e de lecture estim\u00e9e":"1 minute"},"schema":{"@context":"https:\/\/schema.org","@graph":[{"@type":"WebPage","@id":"https:\/\/psychequi.com\/index.php\/8d92b-contact\/","url":"https:\/\/psychequi.com\/index.php\/8d92b-contact\/","name":"Contact - Psych\u00e9qui","isPartOf":{"@id":"https:\/\/psychequi.com\/#website"},"primaryImageOfPage":{"@id":"https:\/\/psychequi.com\/index.php\/8d92b-contact\/#primaryimage"},"image":{"@id":"https:\/\/psychequi.com\/index.php\/8d92b-contact\/#primaryimage"},"thumbnailUrl":"http:\/\/psychequi.com\/wp-content\/plugins\/wpforms-lite\/assets\/images\/submit-spin.svg","datePublished":"2020-02-24T12:30:59+00:00","dateModified":"2023-09-27T18:08:43+00:00","breadcrumb":{"@id":"https:\/\/psychequi.com\/index.php\/8d92b-contact\/#breadcrumb"},"inLanguage":"fr-FR","potentialAction":[{"@type":"ReadAction","target":["https:\/\/psychequi.com\/index.php\/8d92b-contact\/"]}]},{"@type":"ImageObject","inLanguage":"fr-FR","@id":"https:\/\/psychequi.com\/index.php\/8d92b-contact\/#primaryimage","url":"http:\/\/psychequi.com\/wp-content\/plugins\/wpforms-lite\/assets\/images\/submit-spin.svg","contentUrl":"http:\/\/psychequi.com\/wp-content\/plugins\/wpforms-lite\/assets\/images\/submit-spin.svg"},{"@type":"BreadcrumbList","@id":"https:\/\/psychequi.com\/index.php\/8d92b-contact\/#breadcrumb","itemListElement":[{"@type":"ListItem","position":1,"name":"Accueil","item":"https:\/\/psychequi.com\/"},{"@type":"ListItem","position":2,"name":"Contact"}]},{"@type":"WebSite","@id":"https:\/\/psychequi.com\/#website","url":"https:\/\/psychequi.com\/","name":"Psych\u00e9qui","description":"Equith\u00e9rapie","publisher":{"@id":"https:\/\/psychequi.com\/#organization"},"potentialAction":[{"@type":"SearchAction","target":{"@type":"EntryPoint","urlTemplate":"https:\/\/psychequi.com\/?s={search_term_string}"},"query-input":{"@type":"PropertyValueSpecification","valueRequired":true,"valueName":"search_term_string"}}],"inLanguage":"fr-FR"},{"@type":"Organization","@id":"https:\/\/psychequi.com\/#organization","name":"Psych\u00e9qui","url":"https:\/\/psychequi.com\/","logo":{"@type":"ImageObject","inLanguage":"fr-FR","@id":"https:\/\/psychequi.com\/#\/schema\/logo\/image\/","url":"https:\/\/psychequi.com\/wp-content\/uploads\/2023\/04\/Mon-projet.png","contentUrl":"https:\/\/psychequi.com\/wp-content\/uploads\/2023\/04\/Mon-projet.png","width":1640,"height":1640,"caption":"Psych\u00e9qui"},"image":{"@id":"https:\/\/psychequi.com\/#\/schema\/logo\/image\/"}}]}},"_links":{"self":[{"href":"https:\/\/psychequi.com\/index.php\/wp-json\/wp\/v2\/pages\/112","targetHints":{"allow":["GET"]}}],"collection":[{"href":"https:\/\/psychequi.com\/index.php\/wp-json\/wp\/v2\/pages"}],"about":[{"href":"https:\/\/psychequi.com\/index.php\/wp-json\/wp\/v2\/types\/page"}],"author":[{"embeddable":true,"href":"https:\/\/psychequi.com\/index.php\/wp-json\/wp\/v2\/users\/1"}],"replies":[{"embeddable":true,"href":"https:\/\/psychequi.com\/index.php\/wp-json\/wp\/v2\/comments?post=112"}],"version-history":[{"count":27,"href":"https:\/\/psychequi.com\/index.php\/wp-json\/wp\/v2\/pages\/112\/revisions"}],"predecessor-version":[{"id":2030,"href":"https:\/\/psychequi.com\/index.php\/wp-json\/wp\/v2\/pages\/112\/revisions\/2030"}],"wp:attachment":[{"href":"https:\/\/psychequi.com\/index.php\/wp-json\/wp\/v2\/media?parent=112"}],"curies":[{"name":"wp","href":"https:\/\/api.w.org\/{rel}","templated":true}]}}