{"id":124,"date":"2020-02-26T07:46:37","date_gmt":"2020-02-26T06:46:37","guid":{"rendered":"https:\/\/demosites.io\/wedding-gb\/?page_id=124"},"modified":"2024-08-23T20:55:12","modified_gmt":"2024-08-23T18:55:12","slug":"lequitherapie-quest-ce-que-cest","status":"publish","type":"page","link":"https:\/\/psychequi.com\/index.php\/lequitherapie-quest-ce-que-cest\/","title":{"rendered":"L&rsquo;\u00e9quith\u00e9rapie"},"content":{"rendered":"\t\t<div data-elementor-type=\"wp-page\" data-elementor-id=\"124\" class=\"elementor elementor-124\">\n\t\t\t\t\t\t<section class=\"elementor-section elementor-top-section elementor-element elementor-element-fc4ba4e elementor-section-boxed elementor-section-height-default elementor-section-height-default\" data-id=\"fc4ba4e\" data-element_type=\"section\" data-e-type=\"section\">\n\t\t\t\t\t\t<div class=\"elementor-container elementor-column-gap-default\">\n\t\t\t\t\t<div class=\"elementor-column elementor-col-100 elementor-top-column elementor-element elementor-element-b275123\" data-id=\"b275123\" data-element_type=\"column\" data-e-type=\"column\">\n\t\t\t<div class=\"elementor-widget-wrap elementor-element-populated\">\n\t\t\t\t\t\t<div class=\"elementor-element elementor-element-2c1c2e6 elementor-widget elementor-widget-spacer\" data-id=\"2c1c2e6\" data-element_type=\"widget\" data-e-type=\"widget\" data-widget_type=\"spacer.default\">\n\t\t\t\t<div class=\"elementor-widget-container\">\n\t\t\t\t\t\t\t<div class=\"elementor-spacer\">\n\t\t\t<div class=\"elementor-spacer-inner\"><\/div>\n\t\t<\/div>\n\t\t\t\t\t\t<\/div>\n\t\t\t\t<\/div>\n\t\t\t\t<div class=\"elementor-element elementor-element-b11361d elementor-widget elementor-widget-heading\" data-id=\"b11361d\" data-element_type=\"widget\" data-e-type=\"widget\" data-widget_type=\"heading.default\">\n\t\t\t\t<div class=\"elementor-widget-container\">\n\t\t\t\t\t<h2 class=\"elementor-heading-title elementor-size-default\">D\u00e9couvrez l'\u00e9quith\u00e9rapie en trois clics<\/h2>\t\t\t\t<\/div>\n\t\t\t\t<\/div>\n\t\t\t\t<section class=\"elementor-section elementor-inner-section elementor-element elementor-element-3f8831d elementor-section-boxed elementor-section-height-default elementor-section-height-default\" data-id=\"3f8831d\" data-element_type=\"section\" data-e-type=\"section\">\n\t\t\t\t\t\t\t<div class=\"elementor-background-overlay\"><\/div>\n\t\t\t\t\t\t\t<div class=\"elementor-container elementor-column-gap-default\">\n\t\t\t\t\t<div class=\"elementor-column elementor-col-33 elementor-inner-column elementor-element elementor-element-23fb304\" data-id=\"23fb304\" data-element_type=\"column\" data-e-type=\"column\">\n\t\t\t<div class=\"elementor-widget-wrap elementor-element-populated\">\n\t\t\t\t\t\t<div class=\"elementor-element elementor-element-cc400f6 elementor-button-info elementor-align-center elementor-widget elementor-widget-button\" data-id=\"cc400f6\" data-element_type=\"widget\" data-e-type=\"widget\" data-widget_type=\"button.default\">\n\t\t\t\t<div class=\"elementor-widget-container\">\n\t\t\t\t\t\t\t\t\t<div class=\"elementor-button-wrapper\">\n\t\t\t\t\t<a class=\"elementor-button elementor-button-link elementor-size-sm\" href=\"http:\/\/psychequi.com\/index.php\/elementor-1923\/\">\n\t\t\t\t\t\t<span class=\"elementor-button-content-wrapper\">\n\t\t\t\t\t\t\t\t\t<span class=\"elementor-button-text\">L'\u00e9quith\u00e9rapie : qu'est-ce-que c'est ? <\/span>\n\t\t\t\t\t<\/span>\n\t\t\t\t\t<\/a>\n\t\t\t\t<\/div>\n\t\t\t\t\t\t\t\t<\/div>\n\t\t\t\t<\/div>\n\t\t\t\t\t<\/div>\n\t\t<\/div>\n\t\t\t\t<div class=\"elementor-column elementor-col-33 elementor-inner-column elementor-element elementor-element-28ce7a1\" data-id=\"28ce7a1\" data-element_type=\"column\" data-e-type=\"column\">\n\t\t\t<div class=\"elementor-widget-wrap elementor-element-populated\">\n\t\t\t\t\t\t<div class=\"elementor-element elementor-element-2c61e76 elementor-align-center elementor-widget elementor-widget-button\" data-id=\"2c61e76\" data-element_type=\"widget\" data-e-type=\"widget\" data-widget_type=\"button.default\">\n\t\t\t\t<div class=\"elementor-widget-container\">\n\t\t\t\t\t\t\t\t\t<div class=\"elementor-button-wrapper\">\n\t\t\t\t\t<a class=\"elementor-button elementor-button-link elementor-size-sm\" href=\"http:\/\/psychequi.com\/index.php\/pourquoi-le-cheval\/\">\n\t\t\t\t\t\t<span class=\"elementor-button-content-wrapper\">\n\t\t\t\t\t\t\t\t\t<span class=\"elementor-button-text\">Pourquoi le cheval ? <\/span>\n\t\t\t\t\t<\/span>\n\t\t\t\t\t<\/a>\n\t\t\t\t<\/div>\n\t\t\t\t\t\t\t\t<\/div>\n\t\t\t\t<\/div>\n\t\t\t\t\t<\/div>\n\t\t<\/div>\n\t\t\t\t<div class=\"elementor-column elementor-col-33 elementor-inner-column elementor-element elementor-element-f5f5481\" data-id=\"f5f5481\" data-element_type=\"column\" data-e-type=\"column\">\n\t\t\t<div class=\"elementor-widget-wrap elementor-element-populated\">\n\t\t\t\t\t\t<div class=\"elementor-element elementor-element-9460ee5 elementor-align-center elementor-widget elementor-widget-button\" data-id=\"9460ee5\" data-element_type=\"widget\" data-e-type=\"widget\" data-widget_type=\"button.default\">\n\t\t\t\t<div class=\"elementor-widget-container\">\n\t\t\t\t\t\t\t\t\t<div class=\"elementor-button-wrapper\">\n\t\t\t\t\t<a class=\"elementor-button elementor-button-link elementor-size-sm\" href=\"http:\/\/psychequi.com\/index.php\/lequitherapie-qui-peut-en-beneficier\/\">\n\t\t\t\t\t\t<span class=\"elementor-button-content-wrapper\">\n\t\t\t\t\t\t\t\t\t<span class=\"elementor-button-text\">L'\u00e9quith\u00e9rapie : qui peut en b\u00e9n\u00e9ficier ?<\/span>\n\t\t\t\t\t<\/span>\n\t\t\t\t\t<\/a>\n\t\t\t\t<\/div>\n\t\t\t\t\t\t\t\t<\/div>\n\t\t\t\t<\/div>\n\t\t\t\t\t<\/div>\n\t\t<\/div>\n\t\t\t\t\t<\/div>\n\t\t<\/section>\n\t\t\t\t<div class=\"elementor-element elementor-element-ade63ad elementor-widget elementor-widget-spacer\" data-id=\"ade63ad\" data-element_type=\"widget\" data-e-type=\"widget\" data-widget_type=\"spacer.default\">\n\t\t\t\t<div class=\"elementor-widget-container\">\n\t\t\t\t\t\t\t<div class=\"elementor-spacer\">\n\t\t\t<div class=\"elementor-spacer-inner\"><\/div>\n\t\t<\/div>\n\t\t\t\t\t\t<\/div>\n\t\t\t\t<\/div>\n\t\t\t\t\t<\/div>\n\t\t<\/div>\n\t\t\t\t\t<\/div>\n\t\t<\/section>\n\t\t\t\t<section class=\"elementor-section elementor-top-section elementor-element elementor-element-c5220ff elementor-section-stretched elementor-section-boxed elementor-section-height-default elementor-section-height-default\" data-id=\"c5220ff\" data-element_type=\"section\" data-e-type=\"section\" data-settings=\"{&quot;shape_divider_top&quot;:&quot;opacity-fan&quot;,&quot;stretch_section&quot;:&quot;section-stretched&quot;}\">\n\t\t\t\t\t<div class=\"elementor-shape elementor-shape-top\" aria-hidden=\"true\" data-negative=\"false\">\n\t\t\t<svg xmlns=\"http:\/\/www.w3.org\/2000\/svg\" viewBox=\"0 0 283.5 19.6\" preserveAspectRatio=\"none\">\n\t<path class=\"elementor-shape-fill\" style=\"opacity:0.33\" d=\"M0 0L0 18.8 141.8 4.1 283.5 18.8 283.5 0z\"\/>\n\t<path class=\"elementor-shape-fill\" style=\"opacity:0.33\" d=\"M0 0L0 12.6 141.8 4 283.5 12.6 283.5 0z\"\/>\n\t<path class=\"elementor-shape-fill\" style=\"opacity:0.33\" d=\"M0 0L0 6.4 141.8 4 283.5 6.4 283.5 0z\"\/>\n\t<path class=\"elementor-shape-fill\" d=\"M0 0L0 1.2 141.8 4 283.5 1.2 283.5 0z\"\/>\n<\/svg>\t\t<\/div>\n\t\t\t\t\t<div class=\"elementor-container elementor-column-gap-default\">\n\t\t\t\t\t<div class=\"elementor-column elementor-col-100 elementor-top-column elementor-element elementor-element-7b3ab4e\" data-id=\"7b3ab4e\" data-element_type=\"column\" data-e-type=\"column\">\n\t\t\t<div class=\"elementor-widget-wrap elementor-element-populated\">\n\t\t\t\t\t\t<div class=\"elementor-element elementor-element-544b179 elementor-widget elementor-widget-spacer\" data-id=\"544b179\" data-element_type=\"widget\" data-e-type=\"widget\" data-widget_type=\"spacer.default\">\n\t\t\t\t<div class=\"elementor-widget-container\">\n\t\t\t\t\t\t\t<div class=\"elementor-spacer\">\n\t\t\t<div class=\"elementor-spacer-inner\"><\/div>\n\t\t<\/div>\n\t\t\t\t\t\t<\/div>\n\t\t\t\t<\/div>\n\t\t\t\t\t<\/div>\n\t\t<\/div>\n\t\t\t\t\t<\/div>\n\t\t<\/section>\n\t\t\t\t<section class=\"elementor-section elementor-top-section elementor-element elementor-element-f303503 elementor-section-height-min-height elementor-section-boxed elementor-section-height-default elementor-section-items-middle\" data-id=\"f303503\" data-element_type=\"section\" data-e-type=\"section\">\n\t\t\t\t\t\t<div class=\"elementor-container elementor-column-gap-default\">\n\t\t\t\t\t<div class=\"elementor-column elementor-col-100 elementor-top-column elementor-element elementor-element-d66128a\" data-id=\"d66128a\" data-element_type=\"column\" data-e-type=\"column\">\n\t\t\t<div class=\"elementor-widget-wrap elementor-element-populated\">\n\t\t\t\t\t\t<div class=\"elementor-element elementor-element-4bd98b9 elementor-widget elementor-widget-image-carousel\" data-id=\"4bd98b9\" data-element_type=\"widget\" data-e-type=\"widget\" data-settings=\"{&quot;slides_to_show&quot;:&quot;5&quot;,&quot;navigation&quot;:&quot;none&quot;,&quot;autoplay&quot;:&quot;yes&quot;,&quot;pause_on_hover&quot;:&quot;yes&quot;,&quot;pause_on_interaction&quot;:&quot;yes&quot;,&quot;autoplay_speed&quot;:5000,&quot;infinite&quot;:&quot;yes&quot;,&quot;speed&quot;:500}\" data-widget_type=\"image-carousel.default\">\n\t\t\t\t<div class=\"elementor-widget-container\">\n\t\t\t\t\t\t\t<div class=\"elementor-image-carousel-wrapper swiper\" role=\"region\" aria-roledescription=\"carousel\" aria-label=\"Carrousel d\u2019images\" dir=\"ltr\">\n\t\t\t<div class=\"elementor-image-carousel swiper-wrapper\" aria-live=\"off\">\n\t\t\t\t\t\t\t\t<div class=\"swiper-slide\" role=\"group\" aria-roledescription=\"slide\" aria-label=\"1 sur 5\"><figure class=\"swiper-slide-inner\"><img decoding=\"async\" class=\"swiper-slide-image\" src=\"https:\/\/psychequi.com\/wp-content\/uploads\/2024\/08\/20240730_185153-930x620.jpg\" alt=\"20240730_185153\" \/><\/figure><\/div><div class=\"swiper-slide\" role=\"group\" aria-roledescription=\"slide\" aria-label=\"2 sur 5\"><figure class=\"swiper-slide-inner\"><img decoding=\"async\" class=\"swiper-slide-image\" src=\"https:\/\/psychequi.com\/wp-content\/uploads\/2024\/08\/IMG_20240604_214354_270-930x620.jpg\" alt=\"IMG_20240604_214354_270\" \/><\/figure><\/div><div class=\"swiper-slide\" role=\"group\" aria-roledescription=\"slide\" aria-label=\"3 sur 5\"><figure class=\"swiper-slide-inner\"><img decoding=\"async\" class=\"swiper-slide-image\" src=\"https:\/\/psychequi.com\/wp-content\/uploads\/2024\/08\/20240602_125623-930x620.jpg\" alt=\"20240602_125623\" \/><\/figure><\/div><div class=\"swiper-slide\" role=\"group\" aria-roledescription=\"slide\" aria-label=\"4 sur 5\"><figure class=\"swiper-slide-inner\"><img decoding=\"async\" class=\"swiper-slide-image\" src=\"https:\/\/psychequi.com\/wp-content\/uploads\/2023\/12\/IMG-20231227-WA0003-930x620.jpg\" alt=\"IMG-20231227-WA0003\" \/><\/figure><\/div><div class=\"swiper-slide\" role=\"group\" aria-roledescription=\"slide\" aria-label=\"5 sur 5\"><figure class=\"swiper-slide-inner\"><img decoding=\"async\" class=\"swiper-slide-image\" src=\"https:\/\/psychequi.com\/wp-content\/uploads\/2024\/08\/Messenger_creation_8766be80-8108-4bf9-bd92-0489d6cad817-930x620.jpeg\" alt=\"Messenger_creation_8766be80-8108-4bf9-bd92-0489d6cad817\" \/><\/figure><\/div>\t\t\t<\/div>\n\t\t\t\t\t\t\t\n\t\t\t\t\t\t\t\t\t<\/div>\n\t\t\t\t\t\t<\/div>\n\t\t\t\t<\/div>\n\t\t\t\t\t<\/div>\n\t\t<\/div>\n\t\t\t\t\t<\/div>\n\t\t<\/section>\n\t\t\t\t<section class=\"elementor-section elementor-top-section elementor-element elementor-element-de2f481 elementor-section-stretched elementor-section-boxed elementor-section-height-default elementor-section-height-default\" data-id=\"de2f481\" data-element_type=\"section\" data-e-type=\"section\" data-settings=\"{&quot;shape_divider_bottom&quot;:&quot;opacity-fan&quot;,&quot;stretch_section&quot;:&quot;section-stretched&quot;}\">\n\t\t\t\t\t\t\t<div class=\"elementor-background-overlay\"><\/div>\n\t\t\t\t\t\t<div class=\"elementor-shape elementor-shape-bottom\" aria-hidden=\"true\" data-negative=\"false\">\n\t\t\t<svg xmlns=\"http:\/\/www.w3.org\/2000\/svg\" viewBox=\"0 0 283.5 19.6\" preserveAspectRatio=\"none\">\n\t<path class=\"elementor-shape-fill\" style=\"opacity:0.33\" d=\"M0 0L0 18.8 141.8 4.1 283.5 18.8 283.5 0z\"\/>\n\t<path class=\"elementor-shape-fill\" style=\"opacity:0.33\" d=\"M0 0L0 12.6 141.8 4 283.5 12.6 283.5 0z\"\/>\n\t<path class=\"elementor-shape-fill\" style=\"opacity:0.33\" d=\"M0 0L0 6.4 141.8 4 283.5 6.4 283.5 0z\"\/>\n\t<path class=\"elementor-shape-fill\" d=\"M0 0L0 1.2 141.8 4 283.5 1.2 283.5 0z\"\/>\n<\/svg>\t\t<\/div>\n\t\t\t\t\t<div class=\"elementor-container elementor-column-gap-default\">\n\t\t\t\t\t<div class=\"elementor-column elementor-col-100 elementor-top-column elementor-element elementor-element-bcee286\" data-id=\"bcee286\" data-element_type=\"column\" data-e-type=\"column\">\n\t\t\t<div class=\"elementor-widget-wrap elementor-element-populated\">\n\t\t\t\t\t\t<div class=\"elementor-element elementor-element-fc1cfb4 elementor-widget elementor-widget-spacer\" data-id=\"fc1cfb4\" data-element_type=\"widget\" data-e-type=\"widget\" data-widget_type=\"spacer.default\">\n\t\t\t\t<div class=\"elementor-widget-container\">\n\t\t\t\t\t\t\t<div class=\"elementor-spacer\">\n\t\t\t<div class=\"elementor-spacer-inner\"><\/div>\n\t\t<\/div>\n\t\t\t\t\t\t<\/div>\n\t\t\t\t<\/div>\n\t\t\t\t\t<\/div>\n\t\t<\/div>\n\t\t\t\t\t<\/div>\n\t\t<\/section>\n\t\t\t\t<\/div>\n\t\t","protected":false},"excerpt":{"rendered":"<p>D\u00e9couvrez l&rsquo;\u00e9quith\u00e9rapie en trois clics L&rsquo;\u00e9quith\u00e9rapie : qu&rsquo;est-ce-que c&rsquo;est ? Pourquoi le cheval ? L&rsquo;\u00e9quith\u00e9rapie : qui peut en b\u00e9n\u00e9ficier ?<\/p>\n","protected":false},"author":1,"featured_media":0,"parent":0,"menu_order":0,"comment_status":"closed","ping_status":"closed","template":"page-templates\/template-pagebuilder-full-width.php","meta":{"neve_meta_sidebar":"full-width","neve_meta_container":"","neve_meta_enable_content_width":"on","neve_meta_content_width":100,"neve_meta_title_alignment":"","neve_meta_author_avatar":"","neve_post_elements_order":"","neve_meta_disable_header":"","neve_meta_disable_footer":"","neve_meta_disable_title":"","_themeisle_gutenberg_block_has_review":false,"footnotes":""},"class_list":["post-124","page","type-page","status-publish","hentry"],"yoast_head":"<!-- This site is optimized with the Yoast SEO plugin v27.4 - https:\/\/yoast.com\/product\/yoast-seo-wordpress\/ -->\n<title>L&#039;\u00e9quith\u00e9rapie - Psych\u00e9qui<\/title>\n<meta name=\"robots\" content=\"index, follow, max-snippet:-1, max-image-preview:large, max-video-preview:-1\" \/>\n<link rel=\"canonical\" href=\"https:\/\/psychequi.com\/index.php\/lequitherapie-quest-ce-que-cest\/\" \/>\n<meta property=\"og:locale\" content=\"fr_FR\" \/>\n<meta property=\"og:type\" content=\"article\" \/>\n<meta property=\"og:title\" content=\"L&#039;\u00e9quith\u00e9rapie - Psych\u00e9qui\" \/>\n<meta property=\"og:description\" content=\"D\u00e9couvrez l&rsquo;\u00e9quith\u00e9rapie en trois clics L&rsquo;\u00e9quith\u00e9rapie : qu&rsquo;est-ce-que c&rsquo;est ? Pourquoi le cheval ? L&rsquo;\u00e9quith\u00e9rapie : qui peut en b\u00e9n\u00e9ficier ?\" \/>\n<meta property=\"og:url\" content=\"https:\/\/psychequi.com\/index.php\/lequitherapie-quest-ce-que-cest\/\" \/>\n<meta property=\"og:site_name\" content=\"Psych\u00e9qui\" \/>\n<meta property=\"article:modified_time\" content=\"2024-08-23T18:55:12+00:00\" \/>\n<meta property=\"og:image\" content=\"http:\/\/psychequi.com\/wp-content\/uploads\/2024\/08\/20240730_185153-930x620.jpg\" \/>\n<meta name=\"twitter:card\" content=\"summary_large_image\" \/>\n<meta name=\"twitter:label1\" content=\"Dur\u00e9e de lecture estim\u00e9e\" \/>\n\t<meta name=\"twitter:data1\" content=\"4 minutes\" \/>\n<script type=\"application\/ld+json\" class=\"yoast-schema-graph\">{\"@context\":\"https:\\\/\\\/schema.org\",\"@graph\":[{\"@type\":\"WebPage\",\"@id\":\"https:\\\/\\\/psychequi.com\\\/index.php\\\/lequitherapie-quest-ce-que-cest\\\/\",\"url\":\"https:\\\/\\\/psychequi.com\\\/index.php\\\/lequitherapie-quest-ce-que-cest\\\/\",\"name\":\"L'\u00e9quith\u00e9rapie - Psych\u00e9qui\",\"isPartOf\":{\"@id\":\"https:\\\/\\\/psychequi.com\\\/#website\"},\"primaryImageOfPage\":{\"@id\":\"https:\\\/\\\/psychequi.com\\\/index.php\\\/lequitherapie-quest-ce-que-cest\\\/#primaryimage\"},\"image\":{\"@id\":\"https:\\\/\\\/psychequi.com\\\/index.php\\\/lequitherapie-quest-ce-que-cest\\\/#primaryimage\"},\"thumbnailUrl\":\"http:\\\/\\\/psychequi.com\\\/wp-content\\\/uploads\\\/2024\\\/08\\\/20240730_185153-930x620.jpg\",\"datePublished\":\"2020-02-26T06:46:37+00:00\",\"dateModified\":\"2024-08-23T18:55:12+00:00\",\"breadcrumb\":{\"@id\":\"https:\\\/\\\/psychequi.com\\\/index.php\\\/lequitherapie-quest-ce-que-cest\\\/#breadcrumb\"},\"inLanguage\":\"fr-FR\",\"potentialAction\":[{\"@type\":\"ReadAction\",\"target\":[\"https:\\\/\\\/psychequi.com\\\/index.php\\\/lequitherapie-quest-ce-que-cest\\\/\"]}]},{\"@type\":\"ImageObject\",\"inLanguage\":\"fr-FR\",\"@id\":\"https:\\\/\\\/psychequi.com\\\/index.php\\\/lequitherapie-quest-ce-que-cest\\\/#primaryimage\",\"url\":\"http:\\\/\\\/psychequi.com\\\/wp-content\\\/uploads\\\/2024\\\/08\\\/20240730_185153-930x620.jpg\",\"contentUrl\":\"http:\\\/\\\/psychequi.com\\\/wp-content\\\/uploads\\\/2024\\\/08\\\/20240730_185153-930x620.jpg\"},{\"@type\":\"BreadcrumbList\",\"@id\":\"https:\\\/\\\/psychequi.com\\\/index.php\\\/lequitherapie-quest-ce-que-cest\\\/#breadcrumb\",\"itemListElement\":[{\"@type\":\"ListItem\",\"position\":1,\"name\":\"Accueil\",\"item\":\"https:\\\/\\\/psychequi.com\\\/\"},{\"@type\":\"ListItem\",\"position\":2,\"name\":\"L&rsquo;\u00e9quith\u00e9rapie\"}]},{\"@type\":\"WebSite\",\"@id\":\"https:\\\/\\\/psychequi.com\\\/#website\",\"url\":\"https:\\\/\\\/psychequi.com\\\/\",\"name\":\"Psych\u00e9qui\",\"description\":\"Equith\u00e9rapie\",\"publisher\":{\"@id\":\"https:\\\/\\\/psychequi.com\\\/#organization\"},\"potentialAction\":[{\"@type\":\"SearchAction\",\"target\":{\"@type\":\"EntryPoint\",\"urlTemplate\":\"https:\\\/\\\/psychequi.com\\\/?s={search_term_string}\"},\"query-input\":{\"@type\":\"PropertyValueSpecification\",\"valueRequired\":true,\"valueName\":\"search_term_string\"}}],\"inLanguage\":\"fr-FR\"},{\"@type\":\"Organization\",\"@id\":\"https:\\\/\\\/psychequi.com\\\/#organization\",\"name\":\"Psych\u00e9qui\",\"url\":\"https:\\\/\\\/psychequi.com\\\/\",\"logo\":{\"@type\":\"ImageObject\",\"inLanguage\":\"fr-FR\",\"@id\":\"https:\\\/\\\/psychequi.com\\\/#\\\/schema\\\/logo\\\/image\\\/\",\"url\":\"https:\\\/\\\/psychequi.com\\\/wp-content\\\/uploads\\\/2023\\\/04\\\/Mon-projet.png\",\"contentUrl\":\"https:\\\/\\\/psychequi.com\\\/wp-content\\\/uploads\\\/2023\\\/04\\\/Mon-projet.png\",\"width\":1640,\"height\":1640,\"caption\":\"Psych\u00e9qui\"},\"image\":{\"@id\":\"https:\\\/\\\/psychequi.com\\\/#\\\/schema\\\/logo\\\/image\\\/\"}}]}<\/script>\n<!-- \/ Yoast SEO plugin. -->","yoast_head_json":{"title":"L'\u00e9quith\u00e9rapie - Psych\u00e9qui","robots":{"index":"index","follow":"follow","max-snippet":"max-snippet:-1","max-image-preview":"max-image-preview:large","max-video-preview":"max-video-preview:-1"},"canonical":"https:\/\/psychequi.com\/index.php\/lequitherapie-quest-ce-que-cest\/","og_locale":"fr_FR","og_type":"article","og_title":"L'\u00e9quith\u00e9rapie - Psych\u00e9qui","og_description":"D\u00e9couvrez l&rsquo;\u00e9quith\u00e9rapie en trois clics L&rsquo;\u00e9quith\u00e9rapie : qu&rsquo;est-ce-que c&rsquo;est ? Pourquoi le cheval ? L&rsquo;\u00e9quith\u00e9rapie : qui peut en b\u00e9n\u00e9ficier ?","og_url":"https:\/\/psychequi.com\/index.php\/lequitherapie-quest-ce-que-cest\/","og_site_name":"Psych\u00e9qui","article_modified_time":"2024-08-23T18:55:12+00:00","og_image":[{"url":"http:\/\/psychequi.com\/wp-content\/uploads\/2024\/08\/20240730_185153-930x620.jpg","type":"","width":"","height":""}],"twitter_card":"summary_large_image","twitter_misc":{"Dur\u00e9e de lecture estim\u00e9e":"4 minutes"},"schema":{"@context":"https:\/\/schema.org","@graph":[{"@type":"WebPage","@id":"https:\/\/psychequi.com\/index.php\/lequitherapie-quest-ce-que-cest\/","url":"https:\/\/psychequi.com\/index.php\/lequitherapie-quest-ce-que-cest\/","name":"L'\u00e9quith\u00e9rapie - Psych\u00e9qui","isPartOf":{"@id":"https:\/\/psychequi.com\/#website"},"primaryImageOfPage":{"@id":"https:\/\/psychequi.com\/index.php\/lequitherapie-quest-ce-que-cest\/#primaryimage"},"image":{"@id":"https:\/\/psychequi.com\/index.php\/lequitherapie-quest-ce-que-cest\/#primaryimage"},"thumbnailUrl":"http:\/\/psychequi.com\/wp-content\/uploads\/2024\/08\/20240730_185153-930x620.jpg","datePublished":"2020-02-26T06:46:37+00:00","dateModified":"2024-08-23T18:55:12+00:00","breadcrumb":{"@id":"https:\/\/psychequi.com\/index.php\/lequitherapie-quest-ce-que-cest\/#breadcrumb"},"inLanguage":"fr-FR","potentialAction":[{"@type":"ReadAction","target":["https:\/\/psychequi.com\/index.php\/lequitherapie-quest-ce-que-cest\/"]}]},{"@type":"ImageObject","inLanguage":"fr-FR","@id":"https:\/\/psychequi.com\/index.php\/lequitherapie-quest-ce-que-cest\/#primaryimage","url":"http:\/\/psychequi.com\/wp-content\/uploads\/2024\/08\/20240730_185153-930x620.jpg","contentUrl":"http:\/\/psychequi.com\/wp-content\/uploads\/2024\/08\/20240730_185153-930x620.jpg"},{"@type":"BreadcrumbList","@id":"https:\/\/psychequi.com\/index.php\/lequitherapie-quest-ce-que-cest\/#breadcrumb","itemListElement":[{"@type":"ListItem","position":1,"name":"Accueil","item":"https:\/\/psychequi.com\/"},{"@type":"ListItem","position":2,"name":"L&rsquo;\u00e9quith\u00e9rapie"}]},{"@type":"WebSite","@id":"https:\/\/psychequi.com\/#website","url":"https:\/\/psychequi.com\/","name":"Psych\u00e9qui","description":"Equith\u00e9rapie","publisher":{"@id":"https:\/\/psychequi.com\/#organization"},"potentialAction":[{"@type":"SearchAction","target":{"@type":"EntryPoint","urlTemplate":"https:\/\/psychequi.com\/?s={search_term_string}"},"query-input":{"@type":"PropertyValueSpecification","valueRequired":true,"valueName":"search_term_string"}}],"inLanguage":"fr-FR"},{"@type":"Organization","@id":"https:\/\/psychequi.com\/#organization","name":"Psych\u00e9qui","url":"https:\/\/psychequi.com\/","logo":{"@type":"ImageObject","inLanguage":"fr-FR","@id":"https:\/\/psychequi.com\/#\/schema\/logo\/image\/","url":"https:\/\/psychequi.com\/wp-content\/uploads\/2023\/04\/Mon-projet.png","contentUrl":"https:\/\/psychequi.com\/wp-content\/uploads\/2023\/04\/Mon-projet.png","width":1640,"height":1640,"caption":"Psych\u00e9qui"},"image":{"@id":"https:\/\/psychequi.com\/#\/schema\/logo\/image\/"}}]}},"_links":{"self":[{"href":"https:\/\/psychequi.com\/index.php\/wp-json\/wp\/v2\/pages\/124","targetHints":{"allow":["GET"]}}],"collection":[{"href":"https:\/\/psychequi.com\/index.php\/wp-json\/wp\/v2\/pages"}],"about":[{"href":"https:\/\/psychequi.com\/index.php\/wp-json\/wp\/v2\/types\/page"}],"author":[{"embeddable":true,"href":"https:\/\/psychequi.com\/index.php\/wp-json\/wp\/v2\/users\/1"}],"replies":[{"embeddable":true,"href":"https:\/\/psychequi.com\/index.php\/wp-json\/wp\/v2\/comments?post=124"}],"version-history":[{"count":334,"href":"https:\/\/psychequi.com\/index.php\/wp-json\/wp\/v2\/pages\/124\/revisions"}],"predecessor-version":[{"id":2177,"href":"https:\/\/psychequi.com\/index.php\/wp-json\/wp\/v2\/pages\/124\/revisions\/2177"}],"wp:attachment":[{"href":"https:\/\/psychequi.com\/index.php\/wp-json\/wp\/v2\/media?parent=124"}],"curies":[{"name":"wp","href":"https:\/\/api.w.org\/{rel}","templated":true}]}}