{"id":1923,"date":"2023-05-11T14:55:22","date_gmt":"2023-05-11T12:55:22","guid":{"rendered":"http:\/\/psychequi.com\/?page_id=1923"},"modified":"2024-08-23T20:57:17","modified_gmt":"2024-08-23T18:57:17","slug":"elementor-1923","status":"publish","type":"page","link":"https:\/\/psychequi.com\/index.php\/elementor-1923\/","title":{"rendered":"L&rsquo;\u00e9quith\u00e9rapie : qu&rsquo;est-ce-que c&rsquo;est ?"},"content":{"rendered":"\t\t<div data-elementor-type=\"wp-page\" data-elementor-id=\"1923\" class=\"elementor elementor-1923\">\n\t\t\t\t\t\t<section class=\"elementor-section elementor-top-section elementor-element elementor-element-57f9f35 elementor-section-height-min-height elementor-section-content-middle elementor-section-stretched elementor-section-items-stretch elementor-section-boxed elementor-section-height-default\" data-id=\"57f9f35\" data-element_type=\"section\" data-e-type=\"section\" data-settings=\"{&quot;stretch_section&quot;:&quot;section-stretched&quot;,&quot;background_background&quot;:&quot;classic&quot;}\">\n\t\t\t\t\t\t\t<div class=\"elementor-background-overlay\"><\/div>\n\t\t\t\t\t\t\t<div class=\"elementor-container elementor-column-gap-default\">\n\t\t\t\t\t<div class=\"elementor-column elementor-col-100 elementor-top-column elementor-element elementor-element-89cd6f0\" data-id=\"89cd6f0\" data-element_type=\"column\" data-e-type=\"column\">\n\t\t\t<div class=\"elementor-widget-wrap elementor-element-populated\">\n\t\t\t\t\t\t<div class=\"elementor-element elementor-element-ce24e22 elementor-widget elementor-widget-spacer\" data-id=\"ce24e22\" data-element_type=\"widget\" data-e-type=\"widget\" data-widget_type=\"spacer.default\">\n\t\t\t\t<div class=\"elementor-widget-container\">\n\t\t\t\t\t\t\t<div class=\"elementor-spacer\">\n\t\t\t<div class=\"elementor-spacer-inner\"><\/div>\n\t\t<\/div>\n\t\t\t\t\t\t<\/div>\n\t\t\t\t<\/div>\n\t\t\t\t<div class=\"elementor-element elementor-element-2e36ecd elementor-widget__width-initial elementor-widget elementor-widget-text-editor\" data-id=\"2e36ecd\" data-element_type=\"widget\" data-e-type=\"widget\" data-widget_type=\"text-editor.default\">\n\t\t\t\t<div class=\"elementor-widget-container\">\n\t\t\t\t\t\t\t\t\t<section class=\"elementor-section elementor-top-section elementor-element elementor-element-cdc48db elementor-section-boxed elementor-section-height-default elementor-section-height-default\" data-id=\"cdc48db\" data-element_type=\"section\"><div class=\"elementor-container elementor-column-gap-default\"><div class=\"elementor-column elementor-col-100 elementor-top-column elementor-element elementor-element-d344c48\" data-id=\"d344c48\" data-element_type=\"column\"><div class=\"elementor-widget-wrap elementor-element-populated\"><div class=\"elementor-element elementor-element-6c80782 elementor-widget elementor-widget-text-editor\" data-id=\"6c80782\" data-element_type=\"widget\" data-widget_type=\"text-editor.default\"><div class=\"elementor-widget-container\"><h3 style=\"text-align: center;\"><span style=\"text-decoration: underline; color: #bc3900;\"><strong>L&rsquo;\u00e9quith\u00e9rapie : qu&rsquo;est-ce-que c&rsquo;est ?<\/strong><\/span><\/h3><p>\u00ab L\u2019e\u0301quithe\u0301rapie est un soin psychique me\u0301diatise\u0301 par le cheval et dispense\u0301 a\u0300 une personne dans ses dimensions psychiques, corporelles, sociales, cognitives et sensorielles.. \u00bb <b>Socie\u0301te\u0301 Franc\u0327aise d\u2019\u00c9quithe\u0301rapie (SFE).<\/b><\/p><\/div><\/div><\/div><\/div><\/div><\/section><section class=\"elementor-section elementor-top-section elementor-element elementor-element-b2435a8 elementor-section-boxed elementor-section-height-default elementor-section-height-default\" data-id=\"b2435a8\" data-element_type=\"section\"><div class=\"elementor-container elementor-column-gap-default\"><div class=\"elementor-column elementor-col-100 elementor-top-column elementor-element elementor-element-1b9cfbf\" data-id=\"1b9cfbf\" data-element_type=\"column\"><div class=\"elementor-widget-wrap elementor-element-populated\"><div class=\"elementor-element elementor-element-370657e elementor-widget elementor-widget-text-editor\" data-id=\"370657e\" data-element_type=\"widget\" data-widget_type=\"text-editor.default\"><div class=\"elementor-widget-container\"><p class=\"font_8\">\u00ab\u00a0L\u2019e\u0301quithe\u0301rapie est ainsi une activite\u0301 de soin dont les frontie\u0300res sont a\u0300 la fois assez bien de\u0301finies, tout en conservant un champ d\u2019action large et divers. L\u2019e\u0301quithe\u0301rapie englobe une grande varie\u0301te\u0301 d\u2019actions, qui pourraient aller de la psychanalyse me\u0301diatise\u0301e par le cheval jusqu\u2019a\u0300 des stages de coaching ou de management assiste\u0301s par l\u2019e\u0301quide\u0301, en passant par de la re\u0301e\u0301ducation orthophonique ou du travail de psychomotricite\u0301 faisant intervenir le cheval. Le point commun \u00e0 l\u2019ensemble des activit\u00e9s d\u2019\u00e9quith\u00e9rapie est de faire intervenir le cheval dans l\u2019intention de r\u00e9soudre une difficult\u00e9 rencontr\u00e9e par une personne, dans un cadre rigoureux reposant sur une \u00e9thique.\u00a0\u00bb\u00a0<b>Institut de Formation en \u00c9quith\u00e9rapie (IFEq).<\/b><\/p><\/div><\/div><\/div><\/div><\/div><\/section>\t\t\t\t\t\t\t\t<\/div>\n\t\t\t\t<\/div>\n\t\t\t\t\t<\/div>\n\t\t<\/div>\n\t\t\t\t\t<\/div>\n\t\t<\/section>\n\t\t\t\t<section class=\"elementor-section elementor-top-section elementor-element elementor-element-161d9c7 elementor-section-boxed elementor-section-height-default elementor-section-height-default\" data-id=\"161d9c7\" data-element_type=\"section\" data-e-type=\"section\">\n\t\t\t\t\t\t<div class=\"elementor-container elementor-column-gap-default\">\n\t\t\t\t\t<div class=\"elementor-column elementor-col-100 elementor-top-column elementor-element elementor-element-2efecfe\" data-id=\"2efecfe\" data-element_type=\"column\" data-e-type=\"column\">\n\t\t\t<div class=\"elementor-widget-wrap elementor-element-populated\">\n\t\t\t\t\t\t<div class=\"elementor-element elementor-element-10dcc45 elementor-widget elementor-widget-spacer\" data-id=\"10dcc45\" data-element_type=\"widget\" data-e-type=\"widget\" data-widget_type=\"spacer.default\">\n\t\t\t\t<div class=\"elementor-widget-container\">\n\t\t\t\t\t\t\t<div class=\"elementor-spacer\">\n\t\t\t<div class=\"elementor-spacer-inner\"><\/div>\n\t\t<\/div>\n\t\t\t\t\t\t<\/div>\n\t\t\t\t<\/div>\n\t\t\t\t<div class=\"elementor-element elementor-element-a8a1d12 elementor-widget elementor-widget-text-editor\" data-id=\"a8a1d12\" data-element_type=\"widget\" data-e-type=\"widget\" data-widget_type=\"text-editor.default\">\n\t\t\t\t<div class=\"elementor-widget-container\">\n\t\t\t\t\t\t\t\t\t<p>Finalement, l&rsquo;\u00e9quith\u00e9rapie est un <strong>soin psychocorporel<\/strong>\u00a0m\u00e9diatis\u00e9 par le cheval dont l&rsquo;intention est de\u00a0<strong>r\u00e9soudre une difficult\u00e9<\/strong>\u00a0rencontr\u00e9e par une personne, dans un cadre rigoureux et s\u00e9curisant. Il ne s&rsquo;agit ni d&rsquo;un sport, ni d&rsquo;un loisir adapt\u00e9, mais bien d&rsquo;un\u00a0<b>travail th\u00e9rapeutique<\/b>\u00a0qui implique l&rsquo;accompagnement par un th\u00e9rapeute form\u00e9 et dipl\u00f4m\u00e9 du milieu m\u00e9dical ou m\u00e9dico-social ayant r\u00e9alis\u00e9 une formation compl\u00e9mentaire en \u00e9quith\u00e9rapie. La finalit\u00e9 n&rsquo;est en aucun cas l&rsquo;apprentissage des techniques \u00e9questres. Les objectifs th\u00e9rapeutiques de la prise en charge sont d\u00e9finis en fonction de chaque patient.<\/p><p>Les activit\u00e9s propos\u00e9es sont diverses et tiennent compte des capacit\u00e9s physiques et psychiques des personnes accueillies. En \u00e9quith\u00e9rapie, l\u2019accompagnement peut se d\u00e9rouler sans mise \u00e0 cheval, mais le cheval est toujours pr\u00e9sent lors des s\u00e9ances. Parmi les activit\u00e9s que nous pourrons r\u00e9aliser ensemble, voici une liste non exhaustive :\u00a0<\/p><ul><li style=\"list-style-type: none;\"><ul><li>Temps de pansage\u00a0<\/li><li>Travail en main, en longe<\/li><li>Travail en libert\u00e9<\/li><li>Mise \u00e0 cheval<\/li><li>Temps de relaxation<\/li><li>Temps d\u2019\u00e9changes<\/li><li>Temps d\u2019observation des \u00e9quid\u00e9s<\/li><\/ul><\/li><\/ul>\t\t\t\t\t\t\t\t<\/div>\n\t\t\t\t<\/div>\n\t\t\t\t\t<\/div>\n\t\t<\/div>\n\t\t\t\t\t<\/div>\n\t\t<\/section>\n\t\t\t\t<section class=\"elementor-section elementor-top-section elementor-element elementor-element-ad07c80 elementor-section-boxed elementor-section-height-default elementor-section-height-default\" data-id=\"ad07c80\" data-element_type=\"section\" data-e-type=\"section\">\n\t\t\t\t\t\t<div class=\"elementor-container elementor-column-gap-default\">\n\t\t\t\t\t<div class=\"elementor-column elementor-col-100 elementor-top-column elementor-element elementor-element-3dd1c58\" data-id=\"3dd1c58\" data-element_type=\"column\" data-e-type=\"column\">\n\t\t\t<div class=\"elementor-widget-wrap elementor-element-populated\">\n\t\t\t\t\t\t<div class=\"elementor-element elementor-element-058170e elementor-widget-divider--view-line_icon elementor-widget__width-initial elementor-widget-divider--separator-type-pattern elementor-widget-divider--no-spacing elementor-view-default elementor-widget-divider--element-align-center elementor-widget elementor-widget-divider\" data-id=\"058170e\" data-element_type=\"widget\" data-e-type=\"widget\" data-widget_type=\"divider.default\">\n\t\t\t\t<div class=\"elementor-widget-container\">\n\t\t\t\t\t\t\t<div class=\"elementor-divider\" style=\"--divider-pattern-url: url(&quot;data:image\/svg+xml,%3Csvg xmlns=&#039;http:\/\/www.w3.org\/2000\/svg&#039; preserveAspectRatio=&#039;xMidYMid meet&#039; overflow=&#039;visible&#039; height=&#039;100%&#039; viewBox=&#039;0 0 126 26&#039; fill=&#039;black&#039; stroke=&#039;none&#039;%3E%3Cpath d=&#039;M46.8,7.8v11.5L36,18.6V7.8H46.8z M82.4,7.8L84,18.6l-12,0.7L70.4,7.8H82.4z M0,7.8l12,0.9v9.9H1.3L0,7.8z M30,7.8v10.8H19L18,7.8H30z M63.7,7.8L66,18.6H54V9.5L63.7,7.8z M89.8,7L102,7.8v10.8H91.2L89.8,7zM108,7.8l12,0.9v8.9l-12,1V7.8z&#039;\/%3E%3C\/svg%3E&quot;);\">\n\t\t\t<span class=\"elementor-divider-separator\">\n\t\t\t\t\t\t\t<div class=\"elementor-icon elementor-divider__element\">\n\t\t\t\t\t<i aria-hidden=\"true\" class=\"fas fa-star\"><\/i><\/div>\n\t\t\t\t\t\t<\/span>\n\t\t<\/div>\n\t\t\t\t\t\t<\/div>\n\t\t\t\t<\/div>\n\t\t\t\t<div class=\"elementor-element elementor-element-3a8c3af elementor-widget elementor-widget-text-editor\" data-id=\"3a8c3af\" data-element_type=\"widget\" data-e-type=\"widget\" data-widget_type=\"text-editor.default\">\n\t\t\t\t<div class=\"elementor-widget-container\">\n\t\t\t\t\t\t\t\t\t<p style=\"text-align: center;\"><strong><span style=\"color: #bc3900;\">Pour en savoir plus\u00a0<\/span><\/strong><\/p>\t\t\t\t\t\t\t\t<\/div>\n\t\t\t\t<\/div>\n\t\t\t\t<section class=\"elementor-section elementor-inner-section elementor-element elementor-element-07a52e6 elementor-section-boxed elementor-section-height-default elementor-section-height-default\" data-id=\"07a52e6\" data-element_type=\"section\" data-e-type=\"section\">\n\t\t\t\t\t\t\t<div class=\"elementor-background-overlay\"><\/div>\n\t\t\t\t\t\t\t<div class=\"elementor-container elementor-column-gap-default\">\n\t\t\t\t\t<div class=\"elementor-column elementor-col-50 elementor-inner-column elementor-element elementor-element-c5cd10d\" data-id=\"c5cd10d\" data-element_type=\"column\" data-e-type=\"column\">\n\t\t\t<div class=\"elementor-widget-wrap elementor-element-populated\">\n\t\t\t\t\t\t<div class=\"elementor-element elementor-element-97fe8fd elementor-align-center elementor-widget elementor-widget-button\" data-id=\"97fe8fd\" data-element_type=\"widget\" data-e-type=\"widget\" data-widget_type=\"button.default\">\n\t\t\t\t<div class=\"elementor-widget-container\">\n\t\t\t\t\t\t\t\t\t<div class=\"elementor-button-wrapper\">\n\t\t\t\t\t<a class=\"elementor-button elementor-button-link elementor-size-sm\" href=\"http:\/\/psychequi.com\/index.php\/pourquoi-le-cheval\/\">\n\t\t\t\t\t\t<span class=\"elementor-button-content-wrapper\">\n\t\t\t\t\t\t\t\t\t<span class=\"elementor-button-text\">Pourquoi le cheval ? <\/span>\n\t\t\t\t\t<\/span>\n\t\t\t\t\t<\/a>\n\t\t\t\t<\/div>\n\t\t\t\t\t\t\t\t<\/div>\n\t\t\t\t<\/div>\n\t\t\t\t\t<\/div>\n\t\t<\/div>\n\t\t\t\t<div class=\"elementor-column elementor-col-50 elementor-inner-column elementor-element elementor-element-9042518\" data-id=\"9042518\" data-element_type=\"column\" data-e-type=\"column\">\n\t\t\t<div class=\"elementor-widget-wrap elementor-element-populated\">\n\t\t\t\t\t\t<div class=\"elementor-element elementor-element-0f4d461 elementor-align-center elementor-widget elementor-widget-button\" data-id=\"0f4d461\" data-element_type=\"widget\" data-e-type=\"widget\" data-widget_type=\"button.default\">\n\t\t\t\t<div class=\"elementor-widget-container\">\n\t\t\t\t\t\t\t\t\t<div class=\"elementor-button-wrapper\">\n\t\t\t\t\t<a class=\"elementor-button elementor-button-link elementor-size-sm\" href=\"http:\/\/psychequi.com\/index.php\/lequitherapie-qui-peut-en-beneficier\/\">\n\t\t\t\t\t\t<span class=\"elementor-button-content-wrapper\">\n\t\t\t\t\t\t\t\t\t<span class=\"elementor-button-text\">L'\u00e9quith\u00e9rapie : qui peut en b\u00e9n\u00e9ficier ?<\/span>\n\t\t\t\t\t<\/span>\n\t\t\t\t\t<\/a>\n\t\t\t\t<\/div>\n\t\t\t\t\t\t\t\t<\/div>\n\t\t\t\t<\/div>\n\t\t\t\t\t<\/div>\n\t\t<\/div>\n\t\t\t\t\t<\/div>\n\t\t<\/section>\n\t\t\t\t\t<\/div>\n\t\t<\/div>\n\t\t\t\t\t<\/div>\n\t\t<\/section>\n\t\t\t\t<\/div>\n\t\t","protected":false},"excerpt":{"rendered":"<p>L&rsquo;\u00e9quith\u00e9rapie : qu&rsquo;est-ce-que c&rsquo;est ? \u00ab L\u2019e\u0301quithe\u0301rapie est un soin psychique me\u0301diatise\u0301 par le cheval et dispense\u0301 a\u0300 une personne dans ses dimensions psychiques, corporelles, sociales, cognitives et sensorielles.. \u00bb Socie\u0301te\u0301 Franc\u0327aise d\u2019\u00c9quithe\u0301rapie (SFE). \u00ab\u00a0L\u2019e\u0301quithe\u0301rapie est ainsi une activite\u0301 de soin dont les frontie\u0300res sont a\u0300 la fois assez bien de\u0301finies, tout en conservant un&hellip;&nbsp;<a href=\"https:\/\/psychequi.com\/index.php\/elementor-1923\/\" rel=\"bookmark\">Lire la suite &raquo;<span class=\"screen-reader-text\">L&rsquo;\u00e9quith\u00e9rapie : qu&rsquo;est-ce-que c&rsquo;est ?<\/span><\/a><\/p>\n","protected":false},"author":1,"featured_media":0,"parent":0,"menu_order":0,"comment_status":"closed","ping_status":"closed","template":"page-templates\/template-pagebuilder-full-width.php","meta":{"neve_meta_sidebar":"","neve_meta_container":"","neve_meta_enable_content_width":"","neve_meta_content_width":0,"neve_meta_title_alignment":"","neve_meta_author_avatar":"","neve_post_elements_order":"","neve_meta_disable_header":"","neve_meta_disable_footer":"","neve_meta_disable_title":"","_themeisle_gutenberg_block_has_review":false,"footnotes":""},"class_list":["post-1923","page","type-page","status-publish","hentry"],"yoast_head":"<!-- This site is optimized with the Yoast SEO plugin v27.4 - https:\/\/yoast.com\/product\/yoast-seo-wordpress\/ -->\n<title>L&#039;\u00e9quith\u00e9rapie : qu&#039;est-ce-que c&#039;est ? - Psych\u00e9qui<\/title>\n<meta name=\"robots\" content=\"index, follow, max-snippet:-1, max-image-preview:large, max-video-preview:-1\" \/>\n<link rel=\"canonical\" href=\"https:\/\/psychequi.com\/index.php\/elementor-1923\/\" \/>\n<meta property=\"og:locale\" content=\"fr_FR\" \/>\n<meta property=\"og:type\" content=\"article\" \/>\n<meta property=\"og:title\" content=\"L&#039;\u00e9quith\u00e9rapie : qu&#039;est-ce-que c&#039;est ? - Psych\u00e9qui\" \/>\n<meta property=\"og:description\" content=\"L&rsquo;\u00e9quith\u00e9rapie : qu&rsquo;est-ce-que c&rsquo;est ? \u00ab L\u2019e\u0301quithe\u0301rapie est un soin psychique me\u0301diatise\u0301 par le cheval et dispense\u0301 a\u0300 une personne dans ses dimensions psychiques, corporelles, sociales, cognitives et sensorielles.. \u00bb Socie\u0301te\u0301 Franc\u0327aise d\u2019\u00c9quithe\u0301rapie (SFE). \u00ab\u00a0L\u2019e\u0301quithe\u0301rapie est ainsi une activite\u0301 de soin dont les frontie\u0300res sont a\u0300 la fois assez bien de\u0301finies, tout en conservant un&hellip;&nbsp;Lire la suite &raquo;L&rsquo;\u00e9quith\u00e9rapie : qu&rsquo;est-ce-que c&rsquo;est ?\" \/>\n<meta property=\"og:url\" content=\"https:\/\/psychequi.com\/index.php\/elementor-1923\/\" \/>\n<meta property=\"og:site_name\" content=\"Psych\u00e9qui\" \/>\n<meta property=\"article:modified_time\" content=\"2024-08-23T18:57:17+00:00\" \/>\n<meta name=\"twitter:card\" content=\"summary_large_image\" \/>\n<meta name=\"twitter:label1\" content=\"Dur\u00e9e de lecture estim\u00e9e\" \/>\n\t<meta name=\"twitter:data1\" content=\"3 minutes\" \/>\n<script type=\"application\/ld+json\" class=\"yoast-schema-graph\">{\"@context\":\"https:\\\/\\\/schema.org\",\"@graph\":[{\"@type\":\"WebPage\",\"@id\":\"https:\\\/\\\/psychequi.com\\\/index.php\\\/elementor-1923\\\/\",\"url\":\"https:\\\/\\\/psychequi.com\\\/index.php\\\/elementor-1923\\\/\",\"name\":\"L'\u00e9quith\u00e9rapie : qu'est-ce-que c'est ? - Psych\u00e9qui\",\"isPartOf\":{\"@id\":\"https:\\\/\\\/psychequi.com\\\/#website\"},\"datePublished\":\"2023-05-11T12:55:22+00:00\",\"dateModified\":\"2024-08-23T18:57:17+00:00\",\"breadcrumb\":{\"@id\":\"https:\\\/\\\/psychequi.com\\\/index.php\\\/elementor-1923\\\/#breadcrumb\"},\"inLanguage\":\"fr-FR\",\"potentialAction\":[{\"@type\":\"ReadAction\",\"target\":[\"https:\\\/\\\/psychequi.com\\\/index.php\\\/elementor-1923\\\/\"]}]},{\"@type\":\"BreadcrumbList\",\"@id\":\"https:\\\/\\\/psychequi.com\\\/index.php\\\/elementor-1923\\\/#breadcrumb\",\"itemListElement\":[{\"@type\":\"ListItem\",\"position\":1,\"name\":\"Accueil\",\"item\":\"https:\\\/\\\/psychequi.com\\\/\"},{\"@type\":\"ListItem\",\"position\":2,\"name\":\"L&rsquo;\u00e9quith\u00e9rapie : qu&rsquo;est-ce-que c&rsquo;est ?\"}]},{\"@type\":\"WebSite\",\"@id\":\"https:\\\/\\\/psychequi.com\\\/#website\",\"url\":\"https:\\\/\\\/psychequi.com\\\/\",\"name\":\"Psych\u00e9qui\",\"description\":\"Equith\u00e9rapie\",\"publisher\":{\"@id\":\"https:\\\/\\\/psychequi.com\\\/#organization\"},\"potentialAction\":[{\"@type\":\"SearchAction\",\"target\":{\"@type\":\"EntryPoint\",\"urlTemplate\":\"https:\\\/\\\/psychequi.com\\\/?s={search_term_string}\"},\"query-input\":{\"@type\":\"PropertyValueSpecification\",\"valueRequired\":true,\"valueName\":\"search_term_string\"}}],\"inLanguage\":\"fr-FR\"},{\"@type\":\"Organization\",\"@id\":\"https:\\\/\\\/psychequi.com\\\/#organization\",\"name\":\"Psych\u00e9qui\",\"url\":\"https:\\\/\\\/psychequi.com\\\/\",\"logo\":{\"@type\":\"ImageObject\",\"inLanguage\":\"fr-FR\",\"@id\":\"https:\\\/\\\/psychequi.com\\\/#\\\/schema\\\/logo\\\/image\\\/\",\"url\":\"https:\\\/\\\/psychequi.com\\\/wp-content\\\/uploads\\\/2023\\\/04\\\/Mon-projet.png\",\"contentUrl\":\"https:\\\/\\\/psychequi.com\\\/wp-content\\\/uploads\\\/2023\\\/04\\\/Mon-projet.png\",\"width\":1640,\"height\":1640,\"caption\":\"Psych\u00e9qui\"},\"image\":{\"@id\":\"https:\\\/\\\/psychequi.com\\\/#\\\/schema\\\/logo\\\/image\\\/\"}}]}<\/script>\n<!-- \/ Yoast SEO plugin. -->","yoast_head_json":{"title":"L'\u00e9quith\u00e9rapie : qu'est-ce-que c'est ? - Psych\u00e9qui","robots":{"index":"index","follow":"follow","max-snippet":"max-snippet:-1","max-image-preview":"max-image-preview:large","max-video-preview":"max-video-preview:-1"},"canonical":"https:\/\/psychequi.com\/index.php\/elementor-1923\/","og_locale":"fr_FR","og_type":"article","og_title":"L'\u00e9quith\u00e9rapie : qu'est-ce-que c'est ? - Psych\u00e9qui","og_description":"L&rsquo;\u00e9quith\u00e9rapie : qu&rsquo;est-ce-que c&rsquo;est ? \u00ab L\u2019e\u0301quithe\u0301rapie est un soin psychique me\u0301diatise\u0301 par le cheval et dispense\u0301 a\u0300 une personne dans ses dimensions psychiques, corporelles, sociales, cognitives et sensorielles.. \u00bb Socie\u0301te\u0301 Franc\u0327aise d\u2019\u00c9quithe\u0301rapie (SFE). \u00ab\u00a0L\u2019e\u0301quithe\u0301rapie est ainsi une activite\u0301 de soin dont les frontie\u0300res sont a\u0300 la fois assez bien de\u0301finies, tout en conservant un&hellip;&nbsp;Lire la suite &raquo;L&rsquo;\u00e9quith\u00e9rapie : qu&rsquo;est-ce-que c&rsquo;est ?","og_url":"https:\/\/psychequi.com\/index.php\/elementor-1923\/","og_site_name":"Psych\u00e9qui","article_modified_time":"2024-08-23T18:57:17+00:00","twitter_card":"summary_large_image","twitter_misc":{"Dur\u00e9e de lecture estim\u00e9e":"3 minutes"},"schema":{"@context":"https:\/\/schema.org","@graph":[{"@type":"WebPage","@id":"https:\/\/psychequi.com\/index.php\/elementor-1923\/","url":"https:\/\/psychequi.com\/index.php\/elementor-1923\/","name":"L'\u00e9quith\u00e9rapie : qu'est-ce-que c'est ? - Psych\u00e9qui","isPartOf":{"@id":"https:\/\/psychequi.com\/#website"},"datePublished":"2023-05-11T12:55:22+00:00","dateModified":"2024-08-23T18:57:17+00:00","breadcrumb":{"@id":"https:\/\/psychequi.com\/index.php\/elementor-1923\/#breadcrumb"},"inLanguage":"fr-FR","potentialAction":[{"@type":"ReadAction","target":["https:\/\/psychequi.com\/index.php\/elementor-1923\/"]}]},{"@type":"BreadcrumbList","@id":"https:\/\/psychequi.com\/index.php\/elementor-1923\/#breadcrumb","itemListElement":[{"@type":"ListItem","position":1,"name":"Accueil","item":"https:\/\/psychequi.com\/"},{"@type":"ListItem","position":2,"name":"L&rsquo;\u00e9quith\u00e9rapie : qu&rsquo;est-ce-que c&rsquo;est ?"}]},{"@type":"WebSite","@id":"https:\/\/psychequi.com\/#website","url":"https:\/\/psychequi.com\/","name":"Psych\u00e9qui","description":"Equith\u00e9rapie","publisher":{"@id":"https:\/\/psychequi.com\/#organization"},"potentialAction":[{"@type":"SearchAction","target":{"@type":"EntryPoint","urlTemplate":"https:\/\/psychequi.com\/?s={search_term_string}"},"query-input":{"@type":"PropertyValueSpecification","valueRequired":true,"valueName":"search_term_string"}}],"inLanguage":"fr-FR"},{"@type":"Organization","@id":"https:\/\/psychequi.com\/#organization","name":"Psych\u00e9qui","url":"https:\/\/psychequi.com\/","logo":{"@type":"ImageObject","inLanguage":"fr-FR","@id":"https:\/\/psychequi.com\/#\/schema\/logo\/image\/","url":"https:\/\/psychequi.com\/wp-content\/uploads\/2023\/04\/Mon-projet.png","contentUrl":"https:\/\/psychequi.com\/wp-content\/uploads\/2023\/04\/Mon-projet.png","width":1640,"height":1640,"caption":"Psych\u00e9qui"},"image":{"@id":"https:\/\/psychequi.com\/#\/schema\/logo\/image\/"}}]}},"_links":{"self":[{"href":"https:\/\/psychequi.com\/index.php\/wp-json\/wp\/v2\/pages\/1923","targetHints":{"allow":["GET"]}}],"collection":[{"href":"https:\/\/psychequi.com\/index.php\/wp-json\/wp\/v2\/pages"}],"about":[{"href":"https:\/\/psychequi.com\/index.php\/wp-json\/wp\/v2\/types\/page"}],"author":[{"embeddable":true,"href":"https:\/\/psychequi.com\/index.php\/wp-json\/wp\/v2\/users\/1"}],"replies":[{"embeddable":true,"href":"https:\/\/psychequi.com\/index.php\/wp-json\/wp\/v2\/comments?post=1923"}],"version-history":[{"count":18,"href":"https:\/\/psychequi.com\/index.php\/wp-json\/wp\/v2\/pages\/1923\/revisions"}],"predecessor-version":[{"id":2183,"href":"https:\/\/psychequi.com\/index.php\/wp-json\/wp\/v2\/pages\/1923\/revisions\/2183"}],"wp:attachment":[{"href":"https:\/\/psychequi.com\/index.php\/wp-json\/wp\/v2\/media?parent=1923"}],"curies":[{"name":"wp","href":"https:\/\/api.w.org\/{rel}","templated":true}]}}