{"id":1931,"date":"2023-05-11T15:02:07","date_gmt":"2023-05-11T13:02:07","guid":{"rendered":"http:\/\/psychequi.com\/?page_id=1931"},"modified":"2024-08-23T20:38:27","modified_gmt":"2024-08-23T18:38:27","slug":"pourquoi-le-cheval","status":"publish","type":"page","link":"https:\/\/psychequi.com\/index.php\/pourquoi-le-cheval\/","title":{"rendered":"Pourquoi le cheval ?"},"content":{"rendered":"\t\t<div data-elementor-type=\"wp-page\" data-elementor-id=\"1931\" class=\"elementor elementor-1931\">\n\t\t\t\t\t\t<section class=\"elementor-section elementor-top-section elementor-element elementor-element-eaabfab elementor-section-height-min-height elementor-section-content-middle elementor-section-stretched elementor-section-items-stretch elementor-section-boxed elementor-section-height-default\" data-id=\"eaabfab\" data-element_type=\"section\" data-e-type=\"section\" data-settings=\"{&quot;stretch_section&quot;:&quot;section-stretched&quot;,&quot;background_background&quot;:&quot;classic&quot;}\">\n\t\t\t\t\t\t\t<div class=\"elementor-background-overlay\"><\/div>\n\t\t\t\t\t\t\t<div class=\"elementor-container elementor-column-gap-default\">\n\t\t\t\t\t<div class=\"elementor-column elementor-col-100 elementor-top-column elementor-element elementor-element-f3d6bd7\" data-id=\"f3d6bd7\" data-element_type=\"column\" data-e-type=\"column\">\n\t\t\t<div class=\"elementor-widget-wrap elementor-element-populated\">\n\t\t\t\t\t\t<div class=\"elementor-element elementor-element-2b17086 elementor-widget elementor-widget-spacer\" data-id=\"2b17086\" data-element_type=\"widget\" data-e-type=\"widget\" data-widget_type=\"spacer.default\">\n\t\t\t\t<div class=\"elementor-widget-container\">\n\t\t\t\t\t\t\t<div class=\"elementor-spacer\">\n\t\t\t<div class=\"elementor-spacer-inner\"><\/div>\n\t\t<\/div>\n\t\t\t\t\t\t<\/div>\n\t\t\t\t<\/div>\n\t\t\t\t<div class=\"elementor-element elementor-element-5dc9395 elementor-widget elementor-widget-spacer\" data-id=\"5dc9395\" data-element_type=\"widget\" data-e-type=\"widget\" data-widget_type=\"spacer.default\">\n\t\t\t\t<div class=\"elementor-widget-container\">\n\t\t\t\t\t\t\t<div class=\"elementor-spacer\">\n\t\t\t<div class=\"elementor-spacer-inner\"><\/div>\n\t\t<\/div>\n\t\t\t\t\t\t<\/div>\n\t\t\t\t<\/div>\n\t\t\t\t<div class=\"elementor-element elementor-element-71aad35 elementor-widget__width-initial elementor-widget elementor-widget-text-editor\" data-id=\"71aad35\" data-element_type=\"widget\" data-e-type=\"widget\" data-widget_type=\"text-editor.default\">\n\t\t\t\t<div class=\"elementor-widget-container\">\n\t\t\t\t\t\t\t\t\t<section data-id=\"cdc48db\" data-element_type=\"section\"><div><div data-id=\"d344c48\" data-element_type=\"column\"><div><div data-id=\"6c80782\" data-element_type=\"widget\" data-widget_type=\"text-editor.default\"><div><h3 style=\"text-align: center;\"><span style=\"text-decoration: underline; color: #bc3900;\"><strong>Pourquoi le cheval ?\u00a0<\/strong><\/span><\/h3><p style=\"text-align: center;\"><strong>Certains d\u2019entre vous se demanderont : pourquoi le cheval ? Ce choix n\u2019est pas anodin et en voici quelques raisons<\/strong><\/p><\/div><\/div><\/div><\/div><\/div><\/section><section data-id=\"b2435a8\" data-element_type=\"section\"><div><div data-id=\"1b9cfbf\" data-element_type=\"column\"><div><div data-id=\"370657e\" data-element_type=\"widget\" data-widget_type=\"text-editor.default\"><div>\u00a0<\/div><\/div><\/div><\/div><\/div><\/section>\t\t\t\t\t\t\t\t<\/div>\n\t\t\t\t<\/div>\n\t\t\t\t\t<\/div>\n\t\t<\/div>\n\t\t\t\t\t<\/div>\n\t\t<\/section>\n\t\t\t\t<section class=\"elementor-section elementor-top-section elementor-element elementor-element-f27e63c elementor-section-stretched elementor-section-boxed elementor-section-height-default elementor-section-height-default\" data-id=\"f27e63c\" data-element_type=\"section\" data-e-type=\"section\" data-settings=\"{&quot;stretch_section&quot;:&quot;section-stretched&quot;,&quot;background_background&quot;:&quot;classic&quot;}\">\n\t\t\t\t\t\t<div class=\"elementor-container elementor-column-gap-default\">\n\t\t\t\t\t<div class=\"elementor-column elementor-col-100 elementor-top-column elementor-element elementor-element-1c99a6a\" data-id=\"1c99a6a\" data-element_type=\"column\" data-e-type=\"column\">\n\t\t\t<div class=\"elementor-widget-wrap elementor-element-populated\">\n\t\t\t\t\t\t<div class=\"elementor-element elementor-element-58c6b9b elementor-icon-list--layout-traditional elementor-list-item-link-full_width elementor-widget elementor-widget-icon-list\" data-id=\"58c6b9b\" data-element_type=\"widget\" data-e-type=\"widget\" data-widget_type=\"icon-list.default\">\n\t\t\t\t<div class=\"elementor-widget-container\">\n\t\t\t\t\t\t\t<ul class=\"elementor-icon-list-items\">\n\t\t\t\t\t\t\t<li class=\"elementor-icon-list-item\">\n\t\t\t\t\t\t\t\t\t\t\t<span class=\"elementor-icon-list-icon\">\n\t\t\t\t\t\t\t<i aria-hidden=\"true\" class=\"far fa-eye\"><\/i>\t\t\t\t\t\t<\/span>\n\t\t\t\t\t\t\t\t\t\t<span class=\"elementor-icon-list-text\">Le cheval est un animal qui vit naturellement en troupeau, avec d\u2019autres chevaux. Gr\u00e2ce \u00e0 sa vie sociale, il est capable d\u2019\u00e9tablir une lecture fine et non jugeante des tiers.<\/span>\n\t\t\t\t\t\t\t\t\t<\/li>\n\t\t\t\t\t\t\t\t<li class=\"elementor-icon-list-item\">\n\t\t\t\t\t\t\t\t\t\t\t<span class=\"elementor-icon-list-icon\">\n\t\t\t\t\t\t\t<i aria-hidden=\"true\" class=\"fab fa-cloudversify\"><\/i>\t\t\t\t\t\t<\/span>\n\t\t\t\t\t\t\t\t\t\t<span class=\"elementor-icon-list-text\">Le cheval est un animal qui poss\u00e8de une forte symbolique. Il peut \u00e9voquer la puissance, la libert\u00e9, la douceur ; ce qui peut \u00eatre valorisant pour les personnes accueillies.<\/span>\n\t\t\t\t\t\t\t\t\t<\/li>\n\t\t\t\t\t\t\t\t<li class=\"elementor-icon-list-item\">\n\t\t\t\t\t\t\t\t\t\t\t<span class=\"elementor-icon-list-icon\">\n\t\t\t\t\t\t\t<i aria-hidden=\"true\" class=\"fas fa-brain\"><\/i>\t\t\t\t\t\t<\/span>\n\t\t\t\t\t\t\t\t\t\t<span class=\"elementor-icon-list-text\">Le cheval est un animal qui est multisensoriel. La relation \u00e0 ses c\u00f4t\u00e9s implique donc la mobilisation de tous nos sens (toucher, vue, ou\u00efe, odorat, go\u00fbt, \u00e9quilibre)<\/span>\n\t\t\t\t\t\t\t\t\t<\/li>\n\t\t\t\t\t\t\t\t<li class=\"elementor-icon-list-item\">\n\t\t\t\t\t\t\t\t\t\t\t<span class=\"elementor-icon-list-icon\">\n\t\t\t\t\t\t\t<i aria-hidden=\"true\" class=\"fas fa-thumbs-up\"><\/i>\t\t\t\t\t\t<\/span>\n\t\t\t\t\t\t\t\t\t\t<span class=\"elementor-icon-list-text\">Le cheval est un animal qui constitue une source de motivation. Tout apprentissage peut \u00eatre facilit\u00e9 par le cadre particulier qu'offre l'\u00e9quith\u00e9rapie.<\/span>\n\t\t\t\t\t\t\t\t\t<\/li>\n\t\t\t\t\t\t\t\t<li class=\"elementor-icon-list-item\">\n\t\t\t\t\t\t\t\t\t\t\t<span class=\"elementor-icon-list-icon\">\n\t\t\t\t\t\t\t<i aria-hidden=\"true\" class=\"fas fa-horse\"><\/i>\t\t\t\t\t\t<\/span>\n\t\t\t\t\t\t\t\t\t\t<span class=\"elementor-icon-list-text\">Le cheval est l\u2019un des seuls animaux o\u00f9 la notion de portage est possible, c'est-\u00e0-dire de pouvoir monter et se laisser porter. Le portage peut r\u00e9pondre \u00e0 des objectifs sp\u00e9cifiques en lien avec les difficult\u00e9s du b\u00e9n\u00e9ficiaire mais il n\u2019est en aucun cas syst\u00e9matique.<\/span>\n\t\t\t\t\t\t\t\t\t<\/li>\n\t\t\t\t\t\t<\/ul>\n\t\t\t\t\t\t<\/div>\n\t\t\t\t<\/div>\n\t\t\t\t<div class=\"elementor-element elementor-element-6568448 elementor-widget elementor-widget-spacer\" data-id=\"6568448\" data-element_type=\"widget\" data-e-type=\"widget\" data-widget_type=\"spacer.default\">\n\t\t\t\t<div class=\"elementor-widget-container\">\n\t\t\t\t\t\t\t<div class=\"elementor-spacer\">\n\t\t\t<div class=\"elementor-spacer-inner\"><\/div>\n\t\t<\/div>\n\t\t\t\t\t\t<\/div>\n\t\t\t\t<\/div>\n\t\t\t\t\t<\/div>\n\t\t<\/div>\n\t\t\t\t\t<\/div>\n\t\t<\/section>\n\t\t\t\t<section class=\"elementor-section elementor-top-section elementor-element elementor-element-0fa4131 elementor-section-boxed elementor-section-height-default elementor-section-height-default\" data-id=\"0fa4131\" data-element_type=\"section\" data-e-type=\"section\">\n\t\t\t\t\t\t<div class=\"elementor-container elementor-column-gap-default\">\n\t\t\t\t\t<div class=\"elementor-column elementor-col-100 elementor-top-column elementor-element elementor-element-3064eda\" data-id=\"3064eda\" data-element_type=\"column\" data-e-type=\"column\">\n\t\t\t<div class=\"elementor-widget-wrap elementor-element-populated\">\n\t\t\t\t\t\t<div class=\"elementor-element elementor-element-c1ffc8b elementor-widget-divider--view-line_icon elementor-widget__width-initial elementor-widget-divider--separator-type-pattern elementor-widget-divider--no-spacing elementor-view-default elementor-widget-divider--element-align-center elementor-widget elementor-widget-divider\" data-id=\"c1ffc8b\" data-element_type=\"widget\" data-e-type=\"widget\" data-widget_type=\"divider.default\">\n\t\t\t\t<div class=\"elementor-widget-container\">\n\t\t\t\t\t\t\t<div class=\"elementor-divider\" style=\"--divider-pattern-url: url(&quot;data:image\/svg+xml,%3Csvg xmlns=&#039;http:\/\/www.w3.org\/2000\/svg&#039; preserveAspectRatio=&#039;xMidYMid meet&#039; overflow=&#039;visible&#039; height=&#039;100%&#039; viewBox=&#039;0 0 126 26&#039; fill=&#039;black&#039; stroke=&#039;none&#039;%3E%3Cpath d=&#039;M46.8,7.8v11.5L36,18.6V7.8H46.8z M82.4,7.8L84,18.6l-12,0.7L70.4,7.8H82.4z M0,7.8l12,0.9v9.9H1.3L0,7.8z M30,7.8v10.8H19L18,7.8H30z M63.7,7.8L66,18.6H54V9.5L63.7,7.8z M89.8,7L102,7.8v10.8H91.2L89.8,7zM108,7.8l12,0.9v8.9l-12,1V7.8z&#039;\/%3E%3C\/svg%3E&quot;);\">\n\t\t\t<span class=\"elementor-divider-separator\">\n\t\t\t\t\t\t\t<div class=\"elementor-icon elementor-divider__element\">\n\t\t\t\t\t<i aria-hidden=\"true\" class=\"fas fa-star\"><\/i><\/div>\n\t\t\t\t\t\t<\/span>\n\t\t<\/div>\n\t\t\t\t\t\t<\/div>\n\t\t\t\t<\/div>\n\t\t\t\t<div class=\"elementor-element elementor-element-a76b1ac elementor-widget elementor-widget-text-editor\" data-id=\"a76b1ac\" data-element_type=\"widget\" data-e-type=\"widget\" data-widget_type=\"text-editor.default\">\n\t\t\t\t<div class=\"elementor-widget-container\">\n\t\t\t\t\t\t\t\t\t<p style=\"text-align: center;\"><span style=\"color: #bc3900;\"><strong>Pour en savoir plus<\/strong><\/span><\/p>\t\t\t\t\t\t\t\t<\/div>\n\t\t\t\t<\/div>\n\t\t\t\t<section class=\"elementor-section elementor-inner-section elementor-element elementor-element-0333413 elementor-section-boxed elementor-section-height-default elementor-section-height-default\" data-id=\"0333413\" data-element_type=\"section\" data-e-type=\"section\">\n\t\t\t\t\t\t\t<div class=\"elementor-background-overlay\"><\/div>\n\t\t\t\t\t\t\t<div class=\"elementor-container elementor-column-gap-default\">\n\t\t\t\t\t<div class=\"elementor-column elementor-col-50 elementor-inner-column elementor-element elementor-element-64ad145\" data-id=\"64ad145\" data-element_type=\"column\" data-e-type=\"column\">\n\t\t\t<div class=\"elementor-widget-wrap elementor-element-populated\">\n\t\t\t\t\t\t<div class=\"elementor-element elementor-element-c52bbd4 elementor-button-info elementor-align-center elementor-widget elementor-widget-button\" data-id=\"c52bbd4\" data-element_type=\"widget\" data-e-type=\"widget\" data-widget_type=\"button.default\">\n\t\t\t\t<div class=\"elementor-widget-container\">\n\t\t\t\t\t\t\t\t\t<div class=\"elementor-button-wrapper\">\n\t\t\t\t\t<a class=\"elementor-button elementor-button-link elementor-size-sm\" href=\"http:\/\/psychequi.com\/index.php\/elementor-1923\/\">\n\t\t\t\t\t\t<span class=\"elementor-button-content-wrapper\">\n\t\t\t\t\t\t\t\t\t<span class=\"elementor-button-text\">L'\u00e9quith\u00e9rapie : qu'est-ce-que c'est ? <\/span>\n\t\t\t\t\t<\/span>\n\t\t\t\t\t<\/a>\n\t\t\t\t<\/div>\n\t\t\t\t\t\t\t\t<\/div>\n\t\t\t\t<\/div>\n\t\t\t\t\t<\/div>\n\t\t<\/div>\n\t\t\t\t<div class=\"elementor-column elementor-col-50 elementor-inner-column elementor-element elementor-element-2a53087\" data-id=\"2a53087\" data-element_type=\"column\" data-e-type=\"column\">\n\t\t\t<div class=\"elementor-widget-wrap elementor-element-populated\">\n\t\t\t\t\t\t<div class=\"elementor-element elementor-element-10a960f elementor-align-center elementor-widget elementor-widget-button\" data-id=\"10a960f\" data-element_type=\"widget\" data-e-type=\"widget\" data-widget_type=\"button.default\">\n\t\t\t\t<div class=\"elementor-widget-container\">\n\t\t\t\t\t\t\t\t\t<div class=\"elementor-button-wrapper\">\n\t\t\t\t\t<a class=\"elementor-button elementor-button-link elementor-size-sm\" href=\"http:\/\/psychequi.com\/index.php\/lequitherapie-qui-peut-en-beneficier\/\">\n\t\t\t\t\t\t<span class=\"elementor-button-content-wrapper\">\n\t\t\t\t\t\t\t\t\t<span class=\"elementor-button-text\">L'\u00e9quith\u00e9rapie : qui peut en b\u00e9n\u00e9ficier ?<\/span>\n\t\t\t\t\t<\/span>\n\t\t\t\t\t<\/a>\n\t\t\t\t<\/div>\n\t\t\t\t\t\t\t\t<\/div>\n\t\t\t\t<\/div>\n\t\t\t\t\t<\/div>\n\t\t<\/div>\n\t\t\t\t\t<\/div>\n\t\t<\/section>\n\t\t\t\t\t<\/div>\n\t\t<\/div>\n\t\t\t\t\t<\/div>\n\t\t<\/section>\n\t\t\t\t<\/div>\n\t\t","protected":false},"excerpt":{"rendered":"<p>Pourquoi le cheval ?\u00a0 Certains d\u2019entre vous se demanderont : pourquoi le cheval ? Ce choix n\u2019est pas anodin et en voici quelques raisons \u00a0 Le cheval est un animal qui vit naturellement en troupeau, avec d\u2019autres chevaux. Gr\u00e2ce \u00e0 sa vie sociale, il est capable d\u2019\u00e9tablir une lecture fine et non jugeante des tiers.&hellip;&nbsp;<a href=\"https:\/\/psychequi.com\/index.php\/pourquoi-le-cheval\/\" rel=\"bookmark\">Lire la suite &raquo;<span class=\"screen-reader-text\">Pourquoi le cheval ?<\/span><\/a><\/p>\n","protected":false},"author":1,"featured_media":0,"parent":0,"menu_order":0,"comment_status":"closed","ping_status":"closed","template":"page-templates\/template-pagebuilder-full-width.php","meta":{"neve_meta_sidebar":"","neve_meta_container":"","neve_meta_enable_content_width":"","neve_meta_content_width":0,"neve_meta_title_alignment":"","neve_meta_author_avatar":"","neve_post_elements_order":"","neve_meta_disable_header":"","neve_meta_disable_footer":"","neve_meta_disable_title":"","_themeisle_gutenberg_block_has_review":false,"footnotes":""},"class_list":["post-1931","page","type-page","status-publish","hentry"],"yoast_head":"<!-- This site is optimized with the Yoast SEO plugin v27.4 - https:\/\/yoast.com\/product\/yoast-seo-wordpress\/ -->\n<title>Pourquoi le cheval ? - Psych\u00e9qui<\/title>\n<meta name=\"robots\" content=\"index, follow, max-snippet:-1, max-image-preview:large, max-video-preview:-1\" \/>\n<link rel=\"canonical\" href=\"https:\/\/psychequi.com\/index.php\/pourquoi-le-cheval\/\" \/>\n<meta property=\"og:locale\" content=\"fr_FR\" \/>\n<meta property=\"og:type\" content=\"article\" \/>\n<meta property=\"og:title\" content=\"Pourquoi le cheval ? - Psych\u00e9qui\" \/>\n<meta property=\"og:description\" content=\"Pourquoi le cheval ?\u00a0 Certains d\u2019entre vous se demanderont : pourquoi le cheval ? Ce choix n\u2019est pas anodin et en voici quelques raisons \u00a0 Le cheval est un animal qui vit naturellement en troupeau, avec d\u2019autres chevaux. Gr\u00e2ce \u00e0 sa vie sociale, il est capable d\u2019\u00e9tablir une lecture fine et non jugeante des tiers.&hellip;&nbsp;Lire la suite &raquo;Pourquoi le cheval ?\" \/>\n<meta property=\"og:url\" content=\"https:\/\/psychequi.com\/index.php\/pourquoi-le-cheval\/\" \/>\n<meta property=\"og:site_name\" content=\"Psych\u00e9qui\" \/>\n<meta property=\"article:modified_time\" content=\"2024-08-23T18:38:27+00:00\" \/>\n<meta name=\"twitter:card\" content=\"summary_large_image\" \/>\n<meta name=\"twitter:label1\" content=\"Dur\u00e9e de lecture estim\u00e9e\" \/>\n\t<meta name=\"twitter:data1\" content=\"1 minute\" \/>\n<script type=\"application\/ld+json\" class=\"yoast-schema-graph\">{\"@context\":\"https:\\\/\\\/schema.org\",\"@graph\":[{\"@type\":\"WebPage\",\"@id\":\"https:\\\/\\\/psychequi.com\\\/index.php\\\/pourquoi-le-cheval\\\/\",\"url\":\"https:\\\/\\\/psychequi.com\\\/index.php\\\/pourquoi-le-cheval\\\/\",\"name\":\"Pourquoi le cheval ? - Psych\u00e9qui\",\"isPartOf\":{\"@id\":\"https:\\\/\\\/psychequi.com\\\/#website\"},\"datePublished\":\"2023-05-11T13:02:07+00:00\",\"dateModified\":\"2024-08-23T18:38:27+00:00\",\"breadcrumb\":{\"@id\":\"https:\\\/\\\/psychequi.com\\\/index.php\\\/pourquoi-le-cheval\\\/#breadcrumb\"},\"inLanguage\":\"fr-FR\",\"potentialAction\":[{\"@type\":\"ReadAction\",\"target\":[\"https:\\\/\\\/psychequi.com\\\/index.php\\\/pourquoi-le-cheval\\\/\"]}]},{\"@type\":\"BreadcrumbList\",\"@id\":\"https:\\\/\\\/psychequi.com\\\/index.php\\\/pourquoi-le-cheval\\\/#breadcrumb\",\"itemListElement\":[{\"@type\":\"ListItem\",\"position\":1,\"name\":\"Accueil\",\"item\":\"https:\\\/\\\/psychequi.com\\\/\"},{\"@type\":\"ListItem\",\"position\":2,\"name\":\"Pourquoi le cheval ?\"}]},{\"@type\":\"WebSite\",\"@id\":\"https:\\\/\\\/psychequi.com\\\/#website\",\"url\":\"https:\\\/\\\/psychequi.com\\\/\",\"name\":\"Psych\u00e9qui\",\"description\":\"Equith\u00e9rapie\",\"publisher\":{\"@id\":\"https:\\\/\\\/psychequi.com\\\/#organization\"},\"potentialAction\":[{\"@type\":\"SearchAction\",\"target\":{\"@type\":\"EntryPoint\",\"urlTemplate\":\"https:\\\/\\\/psychequi.com\\\/?s={search_term_string}\"},\"query-input\":{\"@type\":\"PropertyValueSpecification\",\"valueRequired\":true,\"valueName\":\"search_term_string\"}}],\"inLanguage\":\"fr-FR\"},{\"@type\":\"Organization\",\"@id\":\"https:\\\/\\\/psychequi.com\\\/#organization\",\"name\":\"Psych\u00e9qui\",\"url\":\"https:\\\/\\\/psychequi.com\\\/\",\"logo\":{\"@type\":\"ImageObject\",\"inLanguage\":\"fr-FR\",\"@id\":\"https:\\\/\\\/psychequi.com\\\/#\\\/schema\\\/logo\\\/image\\\/\",\"url\":\"https:\\\/\\\/psychequi.com\\\/wp-content\\\/uploads\\\/2023\\\/04\\\/Mon-projet.png\",\"contentUrl\":\"https:\\\/\\\/psychequi.com\\\/wp-content\\\/uploads\\\/2023\\\/04\\\/Mon-projet.png\",\"width\":1640,\"height\":1640,\"caption\":\"Psych\u00e9qui\"},\"image\":{\"@id\":\"https:\\\/\\\/psychequi.com\\\/#\\\/schema\\\/logo\\\/image\\\/\"}}]}<\/script>\n<!-- \/ Yoast SEO plugin. -->","yoast_head_json":{"title":"Pourquoi le cheval ? - Psych\u00e9qui","robots":{"index":"index","follow":"follow","max-snippet":"max-snippet:-1","max-image-preview":"max-image-preview:large","max-video-preview":"max-video-preview:-1"},"canonical":"https:\/\/psychequi.com\/index.php\/pourquoi-le-cheval\/","og_locale":"fr_FR","og_type":"article","og_title":"Pourquoi le cheval ? - Psych\u00e9qui","og_description":"Pourquoi le cheval ?\u00a0 Certains d\u2019entre vous se demanderont : pourquoi le cheval ? Ce choix n\u2019est pas anodin et en voici quelques raisons \u00a0 Le cheval est un animal qui vit naturellement en troupeau, avec d\u2019autres chevaux. Gr\u00e2ce \u00e0 sa vie sociale, il est capable d\u2019\u00e9tablir une lecture fine et non jugeante des tiers.&hellip;&nbsp;Lire la suite &raquo;Pourquoi le cheval ?","og_url":"https:\/\/psychequi.com\/index.php\/pourquoi-le-cheval\/","og_site_name":"Psych\u00e9qui","article_modified_time":"2024-08-23T18:38:27+00:00","twitter_card":"summary_large_image","twitter_misc":{"Dur\u00e9e de lecture estim\u00e9e":"1 minute"},"schema":{"@context":"https:\/\/schema.org","@graph":[{"@type":"WebPage","@id":"https:\/\/psychequi.com\/index.php\/pourquoi-le-cheval\/","url":"https:\/\/psychequi.com\/index.php\/pourquoi-le-cheval\/","name":"Pourquoi le cheval ? - Psych\u00e9qui","isPartOf":{"@id":"https:\/\/psychequi.com\/#website"},"datePublished":"2023-05-11T13:02:07+00:00","dateModified":"2024-08-23T18:38:27+00:00","breadcrumb":{"@id":"https:\/\/psychequi.com\/index.php\/pourquoi-le-cheval\/#breadcrumb"},"inLanguage":"fr-FR","potentialAction":[{"@type":"ReadAction","target":["https:\/\/psychequi.com\/index.php\/pourquoi-le-cheval\/"]}]},{"@type":"BreadcrumbList","@id":"https:\/\/psychequi.com\/index.php\/pourquoi-le-cheval\/#breadcrumb","itemListElement":[{"@type":"ListItem","position":1,"name":"Accueil","item":"https:\/\/psychequi.com\/"},{"@type":"ListItem","position":2,"name":"Pourquoi le cheval ?"}]},{"@type":"WebSite","@id":"https:\/\/psychequi.com\/#website","url":"https:\/\/psychequi.com\/","name":"Psych\u00e9qui","description":"Equith\u00e9rapie","publisher":{"@id":"https:\/\/psychequi.com\/#organization"},"potentialAction":[{"@type":"SearchAction","target":{"@type":"EntryPoint","urlTemplate":"https:\/\/psychequi.com\/?s={search_term_string}"},"query-input":{"@type":"PropertyValueSpecification","valueRequired":true,"valueName":"search_term_string"}}],"inLanguage":"fr-FR"},{"@type":"Organization","@id":"https:\/\/psychequi.com\/#organization","name":"Psych\u00e9qui","url":"https:\/\/psychequi.com\/","logo":{"@type":"ImageObject","inLanguage":"fr-FR","@id":"https:\/\/psychequi.com\/#\/schema\/logo\/image\/","url":"https:\/\/psychequi.com\/wp-content\/uploads\/2023\/04\/Mon-projet.png","contentUrl":"https:\/\/psychequi.com\/wp-content\/uploads\/2023\/04\/Mon-projet.png","width":1640,"height":1640,"caption":"Psych\u00e9qui"},"image":{"@id":"https:\/\/psychequi.com\/#\/schema\/logo\/image\/"}}]}},"_links":{"self":[{"href":"https:\/\/psychequi.com\/index.php\/wp-json\/wp\/v2\/pages\/1931","targetHints":{"allow":["GET"]}}],"collection":[{"href":"https:\/\/psychequi.com\/index.php\/wp-json\/wp\/v2\/pages"}],"about":[{"href":"https:\/\/psychequi.com\/index.php\/wp-json\/wp\/v2\/types\/page"}],"author":[{"embeddable":true,"href":"https:\/\/psychequi.com\/index.php\/wp-json\/wp\/v2\/users\/1"}],"replies":[{"embeddable":true,"href":"https:\/\/psychequi.com\/index.php\/wp-json\/wp\/v2\/comments?post=1931"}],"version-history":[{"count":20,"href":"https:\/\/psychequi.com\/index.php\/wp-json\/wp\/v2\/pages\/1931\/revisions"}],"predecessor-version":[{"id":2174,"href":"https:\/\/psychequi.com\/index.php\/wp-json\/wp\/v2\/pages\/1931\/revisions\/2174"}],"wp:attachment":[{"href":"https:\/\/psychequi.com\/index.php\/wp-json\/wp\/v2\/media?parent=1931"}],"curies":[{"name":"wp","href":"https:\/\/api.w.org\/{rel}","templated":true}]}}